{"id":8570,"date":"2024-06-13T10:20:42","date_gmt":"2024-06-13T10:20:42","guid":{"rendered":"https:\/\/dentedentalstudio.com\/?page_id=8570"},"modified":"2025-12-17T06:01:38","modified_gmt":"2025-12-17T03:01:38","slug":"doktorlarimiz","status":"publish","type":"page","link":"https:\/\/dentedentalstudio.com\/tr\/doktorlarimiz\/","title":{"rendered":"Doktorlar\u0131m\u0131z"},"content":{"rendered":"\t\t<div data-elementor-type=\"wp-page\" data-elementor-id=\"8570\" class=\"elementor elementor-8570\">\n\t\t\t\t<div class=\"elementor-element elementor-element-c31fc87 e-flex e-con-boxed e-con e-parent\" data-id=\"c31fc87\" data-element_type=\"container\">\n\t\t\t\t\t<div class=\"e-con-inner\">\n\t\t\t\t<div class=\"elementor-element elementor-element-6498efa elementor-widget elementor-widget-ld_text_reveal\" data-id=\"6498efa\" data-element_type=\"widget\" data-widget_type=\"ld_text_reveal.default\">\n\t\t\t\t<div class=\"elementor-widget-container\">\n\t\t\t\t\t<h2 class=\"lqd-text-reveal-el mt-0 mb-0\" data-split-text=\"true\" data-split-options=\"{&quot;type&quot;:&quot;words, chars&quot;}\" data-parallax=\"true\" data-parallax-options=\"{&quot;disableOnMobile&quot;:false,&quot;parallaxTargets&quot;:&quot;.lqd-chars, figure&quot;,&quot;start&quot;:&quot;top 70%&quot;,&quot;end&quot;:&quot;bottom bottom&quot;,&quot;scrub&quot;:3,&quot;skipWillChange&quot;:true}\" data-parallax-from=\"{&quot;opacity&quot;:0.200000000000000011102230246251565404236316680908203125}\" data-parallax-to=\"{&quot;opacity&quot;:1,&quot;stagger&quot;:{&quot;from&quot;:&quot;start&quot;,&quot;each&quot;:1}}\">Doktorlar\u0131m\u0131zla Tan\u0131\u015f\u0131n<\/h2>\t\t\t\t<\/div>\n\t\t\t\t<\/div>\n\t\t\t\t<div class=\"elementor-element elementor-element-6f0955b elementor-widget elementor-widget-text-editor\" data-id=\"6f0955b\" data-element_type=\"widget\" data-widget_type=\"text-editor.default\">\n\t\t\t\t<div class=\"elementor-widget-container\">\n\t\t\t\t\t\t\t\t\t<p class=\"has-text-align-center\">Dente Dental Studio\u2019daki bak\u0131m\u0131n\u0131z s\u00fcresince doktorlar\u0131m\u0131z, tedavi plan\u0131n\u0131z\u0131n boyunca eksiksiz yan\u0131n\u0131zda olacak, sonraki ad\u0131mlar\u0131 anlaman\u0131za ve se\u00e7eneklerinizi de\u011ferlendirmenize yard\u0131mc\u0131 olacakt\u0131r.<\/p>\t\t\t\t\t\t\t\t<\/div>\n\t\t\t\t<\/div>\n\t\t\t\t\t<\/div>\n\t\t\t\t<\/div>\n\t\t\t\t<section class=\"elementor-section elementor-top-section elementor-element elementor-element-79b704db elementor-section-full_width elementor-section-height-default elementor-section-height-default\" data-id=\"79b704db\" data-element_type=\"section\">\n\t\t\t\t\t\t<div class=\"elementor-container elementor-column-gap-no\">\n\t\t\t\t\t<div class=\"elementor-column elementor-col-100 elementor-top-column elementor-element elementor-element-13968804\" data-id=\"13968804\" data-element_type=\"column\">\n\t\t\t<div class=\"elementor-widget-wrap elementor-element-populated\">\n\t\t\t\t\t\t<section class=\"elementor-section elementor-inner-section elementor-element elementor-element-2fc9993e elementor-section-full_width elementor-section-height-default elementor-section-height-default\" data-id=\"2fc9993e\" data-element_type=\"section\">\n\t\t\t\t\t\t<div class=\"elementor-container elementor-column-gap-no\">\n\t\t\t\t\t<div class=\"elementor-column elementor-col-25 elementor-inner-column elementor-element elementor-element-2098fa3d\" data-id=\"2098fa3d\" data-element_type=\"column\">\n\t\t\t<div class=\"elementor-widget-wrap elementor-element-populated\">\n\t\t\t\t\t\t<div class=\"elementor-element elementor-element-45bf5783 elementor-widget elementor-widget-ld_team_member\" data-id=\"45bf5783\" data-element_type=\"widget\" data-widget_type=\"ld_team_member.default\">\n\t\t\t\t<div class=\"elementor-widget-container\">\n\t\t\t\t\t\n\t\t<div class=\"lqd-tm pos-rel lqd-tm-style-5 border-radius-4 overflow-hidden\">\n\n\t\t\t\t\t\t\t\t<div class=\"lqd-tm-img pos-rel\">\n\t\t\t\t\t\t<figure>\n\t\t\t\t\t\t\t<img decoding=\"async\" width=\"1080\" height=\"1920\" src=\"https:\/\/dentedentalstudio.com\/wp-content\/uploads\/2025\/12\/DR.-NURI-UNAL-1.png\" class=\"w-100\" alt=\"Nuri \u00dcNAL\" srcset=\"https:\/\/dentedentalstudio.com\/wp-content\/uploads\/2025\/12\/DR.-NURI-UNAL-1.png 1080w, https:\/\/dentedentalstudio.com\/wp-content\/uploads\/2025\/12\/DR.-NURI-UNAL-1-169x300.png 169w, https:\/\/dentedentalstudio.com\/wp-content\/uploads\/2025\/12\/DR.-NURI-UNAL-1-576x1024.png 576w, https:\/\/dentedentalstudio.com\/wp-content\/uploads\/2025\/12\/DR.-NURI-UNAL-1-864x1536.png 864w\" sizes=\"(max-width: 1080px) 100vw, 1080px\" itemprop=\"image\" \/>\t\t\t\t\t\t<\/figure>\n\t\t\t\t\t<\/div>\n\t\t\t\t\t\t\n\t\t\t\t\t<div class=\"lqd-tm-details lqd-overlay d-flex align-items-end\">\n\t\t\t\t\t\t<div class=\"lqd-tm-details-inner d-flex align-items-center justify-content-between w-100 ps-6 pe-6 pt-5 pb-5\">\n\t\t\t\t\t\t\t<div class=\"d-flex flex-column\">\n\t\t\t\t\t\t\t\t<h3 class=\"mt-0 mb-2\">Nuri \u00dcNAL<\/h3>\n\t\t\t\t\t\t\t\t<h6 class=\"mt-0 mb-0\"><\/h6>\n\t\t\t\t\t\t\t<\/div>\n\t\t\t\t\t\t\t<div class=\"lqd-tm-details-icon ms-auto\">\n\t\t\t\t\t\t\t\t<i class=\"lqd-icn-ess icon-md-arrow-forward\"><\/i>\n\t\t\t\t\t\t\t<\/div>\n\t\t\t\t\t\t<\/div>\n\t\t\t\t\t<\/div>\n\t\t\t\t\t\t\t\t\t\t\t<a href=\"https:\/\/dentedentalstudio.com\/tr\/doktorlarimiz\/nuri-unal\/\" target=\"_blank\" rel=\"nofollow\" class=\"lqd-overlay\"><\/a>\n\t\t\t\t\t\t\t\t\t\n\t\t<\/div>\n\n\t\t\t\t\t\t<\/div>\n\t\t\t\t<\/div>\n\t\t\t\t\t<\/div>\n\t\t<\/div>\n\t\t\t\t<div class=\"elementor-column elementor-col-25 elementor-inner-column elementor-element elementor-element-26478674\" data-id=\"26478674\" data-element_type=\"column\">\n\t\t\t<div class=\"elementor-widget-wrap elementor-element-populated\">\n\t\t\t\t\t\t<div class=\"elementor-element elementor-element-45283deb elementor-widget elementor-widget-ld_team_member\" data-id=\"45283deb\" data-element_type=\"widget\" data-widget_type=\"ld_team_member.default\">\n\t\t\t\t<div class=\"elementor-widget-container\">\n\t\t\t\t\t\n\t\t<div class=\"lqd-tm pos-rel lqd-tm-style-5 border-radius-4 overflow-hidden\">\n\n\t\t\t\t\t\t\t\t<div class=\"lqd-tm-img pos-rel\">\n\t\t\t\t\t\t<figure>\n\t\t\t\t\t\t\t<img decoding=\"async\" width=\"1080\" height=\"1920\" src=\"data:image\/svg+xml;charset=utf-8,%3Csvg xmlns%3D&#039;http%3A%2F%2Fwww.w3.org%2F2000%2Fsvg&#039; viewBox%3D&#039;0 0 1080 1920&#039;%2F%3E\" class=\"w-100 ld-lazyload\" alt=\"Serdar DEM\u0130R\u00c7AL\" itemprop=\"image\" data-src=\"https:\/\/dentedentalstudio.com\/wp-content\/uploads\/2025\/12\/DT.-SERDAR-DEMIRCAL-1.png\" data-srcset=\"https:\/\/dentedentalstudio.com\/wp-content\/uploads\/2025\/12\/DT.-SERDAR-DEMIRCAL-1.png 1080w, https:\/\/dentedentalstudio.com\/wp-content\/uploads\/2025\/12\/DT.-SERDAR-DEMIRCAL-1-169x300.png 169w, https:\/\/dentedentalstudio.com\/wp-content\/uploads\/2025\/12\/DT.-SERDAR-DEMIRCAL-1-576x1024.png 576w, https:\/\/dentedentalstudio.com\/wp-content\/uploads\/2025\/12\/DT.-SERDAR-DEMIRCAL-1-864x1536.png 864w\" data-sizes=\"(max-width: 1080px) 100vw, 1080px\" data-aspect=\"0.5625\" \/>\t\t\t\t\t\t<\/figure>\n\t\t\t\t\t<\/div>\n\t\t\t\t\t\t\n\t\t\t\t\t<div class=\"lqd-tm-details lqd-overlay d-flex align-items-end\">\n\t\t\t\t\t\t<div class=\"lqd-tm-details-inner d-flex align-items-center justify-content-between w-100 ps-6 pe-6 pt-5 pb-5\">\n\t\t\t\t\t\t\t<div class=\"d-flex flex-column\">\n\t\t\t\t\t\t\t\t<h3 class=\"mt-0 mb-2\">Serdar DEM\u0130R\u00c7AL<\/h3>\n\t\t\t\t\t\t\t\t<h6 class=\"mt-0 mb-0\"><\/h6>\n\t\t\t\t\t\t\t<\/div>\n\t\t\t\t\t\t\t<div class=\"lqd-tm-details-icon ms-auto\">\n\t\t\t\t\t\t\t\t<i class=\"lqd-icn-ess icon-md-arrow-forward\"><\/i>\n\t\t\t\t\t\t\t<\/div>\n\t\t\t\t\t\t<\/div>\n\t\t\t\t\t<\/div>\n\t\t\t\t\t\t\t\t\t\t\t<a href=\"https:\/\/dentedentalstudio.com\/tr\/doktorlarimiz\/serdar-demircal\/\" target=\"_blank\" rel=\"nofollow\" class=\"lqd-overlay\"><\/a>\n\t\t\t\t\t\t\t\t\t\n\t\t<\/div>\n\n\t\t\t\t\t\t<\/div>\n\t\t\t\t<\/div>\n\t\t\t\t\t<\/div>\n\t\t<\/div>\n\t\t\t\t<div class=\"elementor-column elementor-col-25 elementor-inner-column elementor-element elementor-element-35e0b338\" data-id=\"35e0b338\" data-element_type=\"column\">\n\t\t\t<div class=\"elementor-widget-wrap elementor-element-populated\">\n\t\t\t\t\t\t<div class=\"elementor-element elementor-element-443a15ba elementor-widget elementor-widget-ld_team_member\" data-id=\"443a15ba\" data-element_type=\"widget\" data-widget_type=\"ld_team_member.default\">\n\t\t\t\t<div class=\"elementor-widget-container\">\n\t\t\t\t\t\n\t\t<div class=\"lqd-tm pos-rel lqd-tm-style-5 border-radius-4 overflow-hidden\">\n\n\t\t\t\t\t\t\t\t<div class=\"lqd-tm-img pos-rel\">\n\t\t\t\t\t\t<figure>\n\t\t\t\t\t\t\t<img decoding=\"async\" width=\"1080\" height=\"1920\" src=\"data:image\/svg+xml;charset=utf-8,%3Csvg xmlns%3D&#039;http%3A%2F%2Fwww.w3.org%2F2000%2Fsvg&#039; viewBox%3D&#039;0 0 1080 1920&#039;%2F%3E\" class=\"w-100 ld-lazyload\" alt=\"\u00d6mer M. \u00c7\u0130FT\u00c7\u0130\" itemprop=\"image\" data-src=\"https:\/\/dentedentalstudio.com\/wp-content\/uploads\/2025\/12\/DT.-OMER-CIFTCI-1.png\" data-srcset=\"https:\/\/dentedentalstudio.com\/wp-content\/uploads\/2025\/12\/DT.-OMER-CIFTCI-1.png 1080w, https:\/\/dentedentalstudio.com\/wp-content\/uploads\/2025\/12\/DT.-OMER-CIFTCI-1-169x300.png 169w, https:\/\/dentedentalstudio.com\/wp-content\/uploads\/2025\/12\/DT.-OMER-CIFTCI-1-576x1024.png 576w, https:\/\/dentedentalstudio.com\/wp-content\/uploads\/2025\/12\/DT.-OMER-CIFTCI-1-864x1536.png 864w\" data-sizes=\"(max-width: 1080px) 100vw, 1080px\" data-aspect=\"0.5625\" \/>\t\t\t\t\t\t<\/figure>\n\t\t\t\t\t<\/div>\n\t\t\t\t\t\t\n\t\t\t\t\t<div class=\"lqd-tm-details lqd-overlay d-flex align-items-end\">\n\t\t\t\t\t\t<div class=\"lqd-tm-details-inner d-flex align-items-center justify-content-between w-100 ps-6 pe-6 pt-5 pb-5\">\n\t\t\t\t\t\t\t<div class=\"d-flex flex-column\">\n\t\t\t\t\t\t\t\t<h3 class=\"mt-0 mb-2\">\u00d6mer M. \u00c7\u0130FT\u00c7\u0130<\/h3>\n\t\t\t\t\t\t\t\t<h6 class=\"mt-0 mb-0\"><\/h6>\n\t\t\t\t\t\t\t<\/div>\n\t\t\t\t\t\t\t<div class=\"lqd-tm-details-icon ms-auto\">\n\t\t\t\t\t\t\t\t<i class=\"lqd-icn-ess icon-md-arrow-forward\"><\/i>\n\t\t\t\t\t\t\t<\/div>\n\t\t\t\t\t\t<\/div>\n\t\t\t\t\t<\/div>\n\t\t\t\t\t\t\t\t\t\t\t<a href=\"https:\/\/dentedentalstudio.com\/tr\/doktorlarimiz\/omer-m-ciftci\/\" target=\"_blank\" rel=\"nofollow\" class=\"lqd-overlay\"><\/a>\n\t\t\t\t\t\t\t\t\t\n\t\t<\/div>\n\n\t\t\t\t\t\t<\/div>\n\t\t\t\t<\/div>\n\t\t\t\t\t<\/div>\n\t\t<\/div>\n\t\t\t\t<div class=\"elementor-column elementor-col-25 elementor-inner-column elementor-element elementor-element-540798f4\" data-id=\"540798f4\" data-element_type=\"column\">\n\t\t\t<div class=\"elementor-widget-wrap elementor-element-populated\">\n\t\t\t\t\t\t<div class=\"elementor-element elementor-element-3effcb7c elementor-widget elementor-widget-ld_team_member\" data-id=\"3effcb7c\" data-element_type=\"widget\" data-widget_type=\"ld_team_member.default\">\n\t\t\t\t<div class=\"elementor-widget-container\">\n\t\t\t\t\t\n\t\t<div class=\"lqd-tm pos-rel lqd-tm-style-5 border-radius-4 overflow-hidden\">\n\n\t\t\t\t\t\t\t\t<div class=\"lqd-tm-img pos-rel\">\n\t\t\t\t\t\t<figure>\n\t\t\t\t\t\t\t<img decoding=\"async\" width=\"1080\" height=\"1920\" src=\"data:image\/svg+xml;charset=utf-8,%3Csvg xmlns%3D&#039;http%3A%2F%2Fwww.w3.org%2F2000%2Fsvg&#039; viewBox%3D&#039;0 0 1080 1920&#039;%2F%3E\" class=\"w-100 ld-lazyload\" alt=\"Fatih Keskiner\" itemprop=\"image\" data-src=\"https:\/\/dentedentalstudio.com\/wp-content\/uploads\/2025\/12\/DT.-FATIH-KESKINER-1.png\" data-srcset=\"https:\/\/dentedentalstudio.com\/wp-content\/uploads\/2025\/12\/DT.-FATIH-KESKINER-1.png 1080w, https:\/\/dentedentalstudio.com\/wp-content\/uploads\/2025\/12\/DT.-FATIH-KESKINER-1-169x300.png 169w, https:\/\/dentedentalstudio.com\/wp-content\/uploads\/2025\/12\/DT.-FATIH-KESKINER-1-576x1024.png 576w, https:\/\/dentedentalstudio.com\/wp-content\/uploads\/2025\/12\/DT.-FATIH-KESKINER-1-864x1536.png 864w\" data-sizes=\"(max-width: 1080px) 100vw, 1080px\" data-aspect=\"0.5625\" \/>\t\t\t\t\t\t<\/figure>\n\t\t\t\t\t<\/div>\n\t\t\t\t\t\t\n\t\t\t\t\t<div class=\"lqd-tm-details lqd-overlay d-flex align-items-end\">\n\t\t\t\t\t\t<div class=\"lqd-tm-details-inner d-flex align-items-center justify-content-between w-100 ps-6 pe-6 pt-5 pb-5\">\n\t\t\t\t\t\t\t<div class=\"d-flex flex-column\">\n\t\t\t\t\t\t\t\t<h3 class=\"mt-0 mb-2\">Fatih Keskiner<\/h3>\n\t\t\t\t\t\t\t\t<h6 class=\"mt-0 mb-0\"><\/h6>\n\t\t\t\t\t\t\t<\/div>\n\t\t\t\t\t\t\t<div class=\"lqd-tm-details-icon ms-auto\">\n\t\t\t\t\t\t\t\t<i class=\"lqd-icn-ess icon-md-arrow-forward\"><\/i>\n\t\t\t\t\t\t\t<\/div>\n\t\t\t\t\t\t<\/div>\n\t\t\t\t\t<\/div>\n\t\t\t\t\t\t\t\t\t\t\t<a href=\"https:\/\/dentedentalstudio.com\/tr\/doktorlarimiz\/fatih-keskiner\/\" target=\"_blank\" rel=\"nofollow\" class=\"lqd-overlay\"><\/a>\n\t\t\t\t\t\t\t\t\t\n\t\t<\/div>\n\n\t\t\t\t\t\t<\/div>\n\t\t\t\t<\/div>\n\t\t\t\t\t<\/div>\n\t\t<\/div>\n\t\t\t\t\t<\/div>\n\t\t<\/section>\n\t\t\t\t\t<\/div>\n\t\t<\/div>\n\t\t\t\t\t<\/div>\n\t\t<\/section>\n\t\t\t\t<\/div>\n\t\t","protected":false},"excerpt":{"rendered":"<p>Doktorlar\u0131m\u0131zla Tan\u0131\u015f\u0131n Dente Dental Studio\u2019daki bak\u0131m\u0131n\u0131z s\u00fcresince doktorlar\u0131m\u0131z, tedavi plan\u0131n\u0131z\u0131n boyunca eksiksiz yan\u0131n\u0131zda olacak, sonraki ad\u0131mlar\u0131 anlaman\u0131za ve se\u00e7eneklerinizi de\u011ferlendirmenize yard\u0131mc\u0131 olacakt\u0131r. Nuri \u00dcNAL Serdar DEM\u0130R\u00c7AL \u00d6mer M. \u00c7\u0130FT\u00c7\u0130 Fatih Keskiner<\/p>\n","protected":false},"author":1,"featured_media":0,"parent":0,"menu_order":0,"comment_status":"closed","ping_status":"closed","template":"","meta":{"footnotes":""},"class_list":["post-8570","page","type-page","status-publish","hentry"],"yoast_head":"<!-- This site is optimized with the Yoast SEO Premium plugin v23.5 (Yoast SEO v26.4) - https:\/\/yoast.com\/wordpress\/plugins\/seo\/ -->\n<title>Doktorlar\u0131m\u0131z - Dente Dental Studio<\/title>\n<meta name=\"robots\" content=\"index, follow, max-snippet:-1, max-image-preview:large, max-video-preview:-1\" \/>\n<link rel=\"canonical\" href=\"https:\/\/dentedentalstudio.com\/tr\/doktorlarimiz\/\" \/>\n<meta property=\"og:locale\" content=\"tr_TR\" \/>\n<meta property=\"og:type\" content=\"article\" \/>\n<meta property=\"og:title\" content=\"Dente Dental Studio - Doktorlar\u0131m\u0131z\" \/>\n<meta property=\"og:description\" content=\"Doktorlar\u0131m\u0131zla Tan\u0131\u015f\u0131n Dente Dental Studio\u2019daki bak\u0131m\u0131n\u0131z s\u00fcresince doktorlar\u0131m\u0131z, tedavi plan\u0131n\u0131z\u0131n boyunca eksiksiz yan\u0131n\u0131zda olacak, sonraki ad\u0131mlar\u0131 anlaman\u0131za ve se\u00e7eneklerinizi de\u011ferlendirmenize yard\u0131mc\u0131 olacakt\u0131r. Nuri \u00dcNAL Serdar DEM\u0130R\u00c7AL \u00d6mer M. \u00c7\u0130FT\u00c7\u0130 Fatih Keskiner\" \/>\n<meta property=\"og:url\" content=\"https:\/\/dentedentalstudio.com\/tr\/doktorlarimiz\/\" \/>\n<meta property=\"og:site_name\" content=\"Dente Dental Studio\" \/>\n<meta property=\"article:publisher\" content=\"https:\/\/www.facebook.com\/dentedentalizmir\" \/>\n<meta property=\"article:modified_time\" content=\"2025-12-17T03:01:38+00:00\" \/>\n<meta property=\"og:image\" content=\"https:\/\/dentedentalstudio.com\/wp-content\/uploads\/2025\/12\/DR.-NURI-UNAL-1.png\" \/>\n<meta name=\"twitter:card\" content=\"summary_large_image\" \/>\n<meta name=\"twitter:label1\" content=\"Tahmini okuma s\u00fcresi\" \/>\n\t<meta name=\"twitter:data1\" content=\"2 dakika\" \/>\n<script type=\"application\/ld+json\" class=\"yoast-schema-graph\">{\"@context\":\"https:\/\/schema.org\",\"@graph\":[{\"@type\":\"WebPage\",\"@id\":\"https:\/\/dentedentalstudio.com\/tr\/doktorlarimiz\/\",\"url\":\"https:\/\/dentedentalstudio.com\/tr\/doktorlarimiz\/\",\"name\":\"Doktorlar\u0131m\u0131z - Dente Dental Studio\",\"isPartOf\":{\"@id\":\"https:\/\/dentedentalstudio.com\/tr\/#website\"},\"primaryImageOfPage\":{\"@id\":\"https:\/\/dentedentalstudio.com\/tr\/doktorlarimiz\/#primaryimage\"},\"image\":{\"@id\":\"https:\/\/dentedentalstudio.com\/tr\/doktorlarimiz\/#primaryimage\"},\"thumbnailUrl\":\"https:\/\/dentedentalstudio.com\/wp-content\/uploads\/2025\/12\/DR.-NURI-UNAL-1.png\",\"datePublished\":\"2024-06-13T10:20:42+00:00\",\"dateModified\":\"2025-12-17T03:01:38+00:00\",\"breadcrumb\":{\"@id\":\"https:\/\/dentedentalstudio.com\/tr\/doktorlarimiz\/#breadcrumb\"},\"inLanguage\":\"tr\",\"potentialAction\":[{\"@type\":\"ReadAction\",\"target\":[\"https:\/\/dentedentalstudio.com\/tr\/doktorlarimiz\/\"]}]},{\"@type\":\"ImageObject\",\"inLanguage\":\"tr\",\"@id\":\"https:\/\/dentedentalstudio.com\/tr\/doktorlarimiz\/#primaryimage\",\"url\":\"https:\/\/dentedentalstudio.com\/wp-content\/uploads\/2025\/12\/DR.-NURI-UNAL-1.png\",\"contentUrl\":\"https:\/\/dentedentalstudio.com\/wp-content\/uploads\/2025\/12\/DR.-NURI-UNAL-1.png\"},{\"@type\":\"BreadcrumbList\",\"@id\":\"https:\/\/dentedentalstudio.com\/tr\/doktorlarimiz\/#breadcrumb\",\"itemListElement\":[{\"@type\":\"ListItem\",\"position\":1,\"name\":\"Home\",\"item\":\"https:\/\/dentedentalstudio.com\/\"},{\"@type\":\"ListItem\",\"position\":2,\"name\":\"Doktorlar\u0131m\u0131z\"}]},{\"@type\":\"WebSite\",\"@id\":\"https:\/\/dentedentalstudio.com\/tr\/#website\",\"url\":\"https:\/\/dentedentalstudio.com\/tr\/\",\"name\":\"Dente Dental Studio\",\"description\":\"\",\"publisher\":{\"@id\":\"https:\/\/dentedentalstudio.com\/tr\/#organization\"},\"potentialAction\":[{\"@type\":\"SearchAction\",\"target\":{\"@type\":\"EntryPoint\",\"urlTemplate\":\"https:\/\/dentedentalstudio.com\/tr\/?s={search_term_string}\"},\"query-input\":{\"@type\":\"PropertyValueSpecification\",\"valueRequired\":true,\"valueName\":\"search_term_string\"}}],\"inLanguage\":\"tr\"},{\"@type\":\"Organization\",\"@id\":\"https:\/\/dentedentalstudio.com\/tr\/#organization\",\"name\":\"Dente Dental Studio\",\"url\":\"https:\/\/dentedentalstudio.com\/tr\/\",\"logo\":{\"@type\":\"ImageObject\",\"inLanguage\":\"tr\",\"@id\":\"https:\/\/dentedentalstudio.com\/tr\/#\/schema\/logo\/image\/\",\"url\":\"https:\/\/dentedentalstudio.com\/wp-content\/uploads\/2022\/07\/Varlik-3.svg\",\"contentUrl\":\"https:\/\/dentedentalstudio.com\/wp-content\/uploads\/2022\/07\/Varlik-3.svg\",\"width\":1,\"height\":1,\"caption\":\"Dente Dental Studio\"},\"image\":{\"@id\":\"https:\/\/dentedentalstudio.com\/tr\/#\/schema\/logo\/image\/\"},\"sameAs\":[\"https:\/\/www.facebook.com\/dentedentalizmir\",\"https:\/\/www.instagram.com\/dentedentalstudio\/\"]}]}<\/script>\n<!-- \/ Yoast SEO Premium plugin. -->","yoast_head_json":{"title":"Doktorlar\u0131m\u0131z - Dente Dental Studio","robots":{"index":"index","follow":"follow","max-snippet":"max-snippet:-1","max-image-preview":"max-image-preview:large","max-video-preview":"max-video-preview:-1"},"canonical":"https:\/\/dentedentalstudio.com\/tr\/doktorlarimiz\/","og_locale":"tr_TR","og_type":"article","og_title":"Dente Dental Studio - Doktorlar\u0131m\u0131z","og_description":"Doktorlar\u0131m\u0131zla Tan\u0131\u015f\u0131n Dente Dental Studio\u2019daki bak\u0131m\u0131n\u0131z s\u00fcresince doktorlar\u0131m\u0131z, tedavi plan\u0131n\u0131z\u0131n boyunca eksiksiz yan\u0131n\u0131zda olacak, sonraki ad\u0131mlar\u0131 anlaman\u0131za ve se\u00e7eneklerinizi de\u011ferlendirmenize yard\u0131mc\u0131 olacakt\u0131r. Nuri \u00dcNAL Serdar DEM\u0130R\u00c7AL \u00d6mer M. \u00c7\u0130FT\u00c7\u0130 Fatih Keskiner","og_url":"https:\/\/dentedentalstudio.com\/tr\/doktorlarimiz\/","og_site_name":"Dente Dental Studio","article_publisher":"https:\/\/www.facebook.com\/dentedentalizmir","article_modified_time":"2025-12-17T03:01:38+00:00","og_image":[{"url":"https:\/\/dentedentalstudio.com\/wp-content\/uploads\/2025\/12\/DR.-NURI-UNAL-1.png","type":"","width":"","height":""}],"twitter_card":"summary_large_image","twitter_misc":{"Tahmini okuma s\u00fcresi":"2 dakika"},"schema":{"@context":"https:\/\/schema.org","@graph":[{"@type":"WebPage","@id":"https:\/\/dentedentalstudio.com\/tr\/doktorlarimiz\/","url":"https:\/\/dentedentalstudio.com\/tr\/doktorlarimiz\/","name":"Doktorlar\u0131m\u0131z - Dente Dental Studio","isPartOf":{"@id":"https:\/\/dentedentalstudio.com\/tr\/#website"},"primaryImageOfPage":{"@id":"https:\/\/dentedentalstudio.com\/tr\/doktorlarimiz\/#primaryimage"},"image":{"@id":"https:\/\/dentedentalstudio.com\/tr\/doktorlarimiz\/#primaryimage"},"thumbnailUrl":"https:\/\/dentedentalstudio.com\/wp-content\/uploads\/2025\/12\/DR.-NURI-UNAL-1.png","datePublished":"2024-06-13T10:20:42+00:00","dateModified":"2025-12-17T03:01:38+00:00","breadcrumb":{"@id":"https:\/\/dentedentalstudio.com\/tr\/doktorlarimiz\/#breadcrumb"},"inLanguage":"tr","potentialAction":[{"@type":"ReadAction","target":["https:\/\/dentedentalstudio.com\/tr\/doktorlarimiz\/"]}]},{"@type":"ImageObject","inLanguage":"tr","@id":"https:\/\/dentedentalstudio.com\/tr\/doktorlarimiz\/#primaryimage","url":"https:\/\/dentedentalstudio.com\/wp-content\/uploads\/2025\/12\/DR.-NURI-UNAL-1.png","contentUrl":"https:\/\/dentedentalstudio.com\/wp-content\/uploads\/2025\/12\/DR.-NURI-UNAL-1.png"},{"@type":"BreadcrumbList","@id":"https:\/\/dentedentalstudio.com\/tr\/doktorlarimiz\/#breadcrumb","itemListElement":[{"@type":"ListItem","position":1,"name":"Home","item":"https:\/\/dentedentalstudio.com\/"},{"@type":"ListItem","position":2,"name":"Doktorlar\u0131m\u0131z"}]},{"@type":"WebSite","@id":"https:\/\/dentedentalstudio.com\/tr\/#website","url":"https:\/\/dentedentalstudio.com\/tr\/","name":"Dente Dental Studio","description":"","publisher":{"@id":"https:\/\/dentedentalstudio.com\/tr\/#organization"},"potentialAction":[{"@type":"SearchAction","target":{"@type":"EntryPoint","urlTemplate":"https:\/\/dentedentalstudio.com\/tr\/?s={search_term_string}"},"query-input":{"@type":"PropertyValueSpecification","valueRequired":true,"valueName":"search_term_string"}}],"inLanguage":"tr"},{"@type":"Organization","@id":"https:\/\/dentedentalstudio.com\/tr\/#organization","name":"Dente Dental Studio","url":"https:\/\/dentedentalstudio.com\/tr\/","logo":{"@type":"ImageObject","inLanguage":"tr","@id":"https:\/\/dentedentalstudio.com\/tr\/#\/schema\/logo\/image\/","url":"https:\/\/dentedentalstudio.com\/wp-content\/uploads\/2022\/07\/Varlik-3.svg","contentUrl":"https:\/\/dentedentalstudio.com\/wp-content\/uploads\/2022\/07\/Varlik-3.svg","width":1,"height":1,"caption":"Dente Dental Studio"},"image":{"@id":"https:\/\/dentedentalstudio.com\/tr\/#\/schema\/logo\/image\/"},"sameAs":["https:\/\/www.facebook.com\/dentedentalizmir","https:\/\/www.instagram.com\/dentedentalstudio\/"]}]}},"_links":{"self":[{"href":"https:\/\/dentedentalstudio.com\/tr\/wp-json\/wp\/v2\/pages\/8570","targetHints":{"allow":["GET"]}}],"collection":[{"href":"https:\/\/dentedentalstudio.com\/tr\/wp-json\/wp\/v2\/pages"}],"about":[{"href":"https:\/\/dentedentalstudio.com\/tr\/wp-json\/wp\/v2\/types\/page"}],"author":[{"embeddable":true,"href":"https:\/\/dentedentalstudio.com\/tr\/wp-json\/wp\/v2\/users\/1"}],"replies":[{"embeddable":true,"href":"https:\/\/dentedentalstudio.com\/tr\/wp-json\/wp\/v2\/comments?post=8570"}],"version-history":[{"count":12,"href":"https:\/\/dentedentalstudio.com\/tr\/wp-json\/wp\/v2\/pages\/8570\/revisions"}],"predecessor-version":[{"id":12675,"href":"https:\/\/dentedentalstudio.com\/tr\/wp-json\/wp\/v2\/pages\/8570\/revisions\/12675"}],"wp:attachment":[{"href":"https:\/\/dentedentalstudio.com\/tr\/wp-json\/wp\/v2\/media?parent=8570"}],"curies":[{"name":"wp","href":"https:\/\/api.w.org\/{rel}","templated":true}]}}