{"id":2004,"date":"2022-04-27T13:36:56","date_gmt":"2022-04-27T13:36:56","guid":{"rendered":"http:\/\/sw-themes.com\/porto_dummy\/?page_id=2004"},"modified":"2024-06-13T08:12:40","modified_gmt":"2024-06-13T08:12:40","slug":"hakkimizda","status":"publish","type":"page","link":"https:\/\/dentedentalstudio.com\/tr\/hakkimizda\/","title":{"rendered":"Hakk\u0131m\u0131zda"},"content":{"rendered":"\t\t<div data-elementor-type=\"wp-page\" data-elementor-id=\"2004\" class=\"elementor elementor-2004\">\n\t\t\t\t\t\t<div class=\"elementor-section elementor-top-section elementor-element elementor-element-68c2a5d elementor-section-content-middle elementor-section-boxed elementor-section-height-default elementor-section-height-default\" data-id=\"68c2a5d\" data-element_type=\"section\" data-settings=\"{&quot;background_background&quot;:&quot;classic&quot;}\">\n\t\t\t\t\t\t<div class=\"elementor-container elementor-column-gap-default\">\n\t\t\t\t\t<div class=\"elementor-column elementor-col-50 elementor-top-column elementor-element elementor-element-59b67ad\" data-id=\"59b67ad\" data-element_type=\"column\">\n\t\t\t<div class=\"elementor-widget-wrap elementor-element-populated\">\n\t\t\t\t\t\t<div class=\"elementor-element elementor-element-82d42b6 elementor-absolute elementor-view-default elementor-widget elementor-widget-icon\" data-id=\"82d42b6\" data-element_type=\"widget\" data-settings=\"{&quot;_position&quot;:&quot;absolute&quot;}\" data-widget_type=\"icon.default\">\n\t\t\t\t<div class=\"elementor-widget-container\">\n\t\t\t\t\t\t\t<div class=\"elementor-icon-wrapper\">\n\t\t\t<div class=\"elementor-icon\">\n\t\t\t<svg height=\"0\" width=\"0\"><defs><clipPath id=\"svgPath\"><path d=\"M143.3,391.5C64.74,320.29-11.54,212.43,1.46,109.91,6.81,67.72,35,23.31,77.51,11.57c45.8-12.65,81.56,9.87,127.88,10,51,.11,99.23-34,152.49-16.65C458.61,37.71,412.21,170.19,372,228c-10.63,15.3-44.76,63.1-48.29,40.44-9.23-59.24-26.68-67.61-57.52-75.23-32.68-8.07-80.24,8.61-92.4,39.25-26.47,66.76,31,137.89,64.57,191.19.89,1.42,38.8,48.72,31,50.86-21.12,5.77-69.06-37.36-84.67-48.95C171.14,415.52,157.18,404.08,143.3,391.5Z\" style=\"fill:#000\"><\/path><\/clipPath><\/defs><\/svg>\t\t\t<\/div>\n\t\t<\/div>\n\t\t\t\t\t\t<\/div>\n\t\t\t\t<\/div>\n\t\t\t\t<div class=\"elementor-element elementor-element-b303c2e elementor-widget elementor-widget-html\" data-id=\"b303c2e\" data-element_type=\"widget\" data-widget_type=\"html.default\">\n\t\t\t\t<div class=\"elementor-widget-container\">\n\t\t\t\t\t<iframe width=\"560\" height=\"315\" src=\"https:\/\/www.youtube.com\/embed\/pmK7SV5hNCk?si=NnaUuwgdIpXIuvXD\" title=\"YouTube video player\" frameborder=\"0\" allow=\"accelerometer; autoplay; clipboard-write; encrypted-media; gyroscope; picture-in-picture; web-share\" referrerpolicy=\"strict-origin-when-cross-origin\" allowfullscreen><\/iframe>\t\t\t\t<\/div>\n\t\t\t\t<\/div>\n\t\t\t\t\t<\/div>\n\t\t<\/div>\n\t\t\t\t<div class=\"elementor-column elementor-col-50 elementor-top-column elementor-element elementor-element-d0f06c5\" data-id=\"d0f06c5\" data-element_type=\"column\">\n\t\t\t<div class=\"elementor-widget-wrap elementor-element-populated\">\n\t\t\t\t\t\t<div class=\"elementor-element elementor-element-e6a1c1d elementor-widget elementor-widget-hub_fancy_heading\" data-id=\"e6a1c1d\" data-element_type=\"widget\" data-widget_type=\"hub_fancy_heading.default\">\n\t\t\t\t<div class=\"elementor-widget-container\">\n\t\t\t\t\t\n\t\t<div id=\"ld-fancy-heading-69d65258cba04\" class=\"ld-fancy-heading pos-rel\">\n\t\t\t<h2 class=\"ld-fh-element d-inline-block pos-rel  elementor-heading-title lqd-highlight-classic lqd-highlight-grow-left h2\"  > Hakk\u0131m\u0131zda<\/h2>\t\t<\/div>\n\n\t\t\t\t\t\t<\/div>\n\t\t\t\t<\/div>\n\t\t\t\t<div class=\"elementor-element elementor-element-d7bc878 pt-3 elementor-widget elementor-widget-heading\" data-id=\"d7bc878\" data-element_type=\"widget\" data-widget_type=\"heading.default\">\n\t\t\t\t<div class=\"elementor-widget-container\">\n\t\t\t\t\t<p class=\"elementor-heading-title elementor-size-default\">2021 y\u0131l\u0131nda kurulan DENTE DENTAL STUDIO A\u011f\u0131z ve Di\u015f Sa\u011fl\u0131\u011f\u0131 Klini\u011fi, NS A\u011f\u0131z ve Di\u015f Sa\u011fl\u0131\u011f\u0131 Klinik Hizmetleri Ltd. \u015eti. y\u00f6netiminde, A\u011f\u0131z, Di\u015f ve \u00c7ene Cerrahisi Uzman\u0131 Dr. Nuri \u00dcNAL ve Estetik Di\u015f Hekimi Dt. Serdar DEM\u0130R\u00c7AL taraf\u0131ndan kurulmu\u015ftur. Ata\u015fehir\u2019de hizmet vermeye ba\u015flayan klini\u011fimiz, ulusal ve uluslararas\u0131 d\u00fczeyde kapsaml\u0131 di\u015f bak\u0131m\u0131 hizmetleri sunmaktad\u0131r.\n\n<\/p>\t\t\t\t<\/div>\n\t\t\t\t<\/div>\n\t\t\t\t\t<\/div>\n\t\t<\/div>\n\t\t\t\t\t<\/div>\n\t\t<\/div>\n\t\t\t\t<div class=\"elementor-section elementor-top-section elementor-element elementor-element-4fea46e elementor-section-boxed elementor-section-height-default elementor-section-height-default\" data-id=\"4fea46e\" data-element_type=\"section\">\n\t\t\t\t\t\t<div class=\"elementor-container elementor-column-gap-default\">\n\t\t\t\t\t<div class=\"elementor-column elementor-col-100 elementor-top-column elementor-element elementor-element-d1aa23c\" data-id=\"d1aa23c\" data-element_type=\"column\">\n\t\t\t<div class=\"elementor-widget-wrap elementor-element-populated\">\n\t\t\t\t\t\t<div class=\"elementor-element elementor-element-9371c54 elementor-widget elementor-widget-hub_fancy_heading\" data-id=\"9371c54\" data-element_type=\"widget\" data-widget_type=\"hub_fancy_heading.default\">\n\t\t\t\t<div class=\"elementor-widget-container\">\n\t\t\t\t\t\n\t\t<div id=\"ld-fancy-heading-69d65258cc784\" class=\"ld-fancy-heading pos-rel\">\n\t\t\t<h2 class=\"ld-fh-element d-inline-block pos-rel  elementor-heading-title lqd-highlight-classic lqd-highlight-grow-left h2\"  > Modern Teknolojiyle Desteklenen Kaliteli Bak\u0131m\n<\/h2>\t\t<\/div>\n\n\t\t\t\t\t\t<\/div>\n\t\t\t\t<\/div>\n\t\t\t\t<div class=\"elementor-element elementor-element-d200609 pt-3 elementor-widget elementor-widget-heading\" data-id=\"d200609\" data-element_type=\"widget\" data-widget_type=\"heading.default\">\n\t\t\t\t<div class=\"elementor-widget-container\">\n\t\t\t\t\t<p class=\"elementor-heading-title elementor-size-default\">Klini\u011fimiz, farkl\u0131 di\u015f hekimli\u011fi alanlar\u0131ndan uzman ekibimizle, son teknoloji di\u015f \u00fcniteleri ve t\u0131bbi ekipmanlarla donat\u0131lm\u0131\u015f 400 metrekarelik modern bir \u00e7al\u0131\u015fma alan\u0131nda hizmet vermektedir. Siz de\u011ferli hastalar\u0131m\u0131z\u0131n konforu ve sa\u011fl\u0131\u011f\u0131 bizim i\u00e7in \u00f6nemlidir. Bu nedenle, 3 boyutlu a\u011f\u0131z i\u00e7i tarama sistemi ve di\u015f hekimli\u011finin en yeni radyolojik te\u015fhis ara\u00e7lar\u0131 gibi son teknoloji t\u0131bbi imkanlar sunuyoruz.\n<br><br>\nDENTE DENTAL STUDIO, uzman t\u0131bbi ekibi, ileri t\u0131bbi teknolojisi, tam donan\u0131ml\u0131 te\u015fhis ve tedavi \u00fcniteleri ile haftan\u0131n 6 g\u00fcn\u00fc hizmet vermektedir. Klini\u011fimiz, hasta g\u00fcvenli\u011fi odakl\u0131 tasarlanm\u0131\u015f olup, \u00fc\u00e7 katl\u0131 \u00e7a\u011fda\u015f mimari tasar\u0131m\u0131yla hastalar\u0131n t\u00fcm ihtiya\u00e7lar\u0131na cevap vermektedir.<\/p>\t\t\t\t<\/div>\n\t\t\t\t<\/div>\n\t\t\t\t<div class=\"elementor-element elementor-element-736dd46 elementor-widget elementor-widget-hub_fancy_heading\" data-id=\"736dd46\" data-element_type=\"widget\" data-widget_type=\"hub_fancy_heading.default\">\n\t\t\t\t<div class=\"elementor-widget-container\">\n\t\t\t\t\t\n\t\t<div id=\"ld-fancy-heading-69d65258ccba6\" class=\"ld-fancy-heading pos-rel\">\n\t\t\t<h2 class=\"ld-fh-element d-inline-block pos-rel  elementor-heading-title lqd-highlight-classic lqd-highlight-grow-left h2\"  > Kalite Politikam\u0131z\n<\/h2>\t\t<\/div>\n\n\t\t\t\t\t\t<\/div>\n\t\t\t\t<\/div>\n\t\t\t\t<div class=\"elementor-element elementor-element-8918d93 elementor-widget elementor-widget-text-editor\" data-id=\"8918d93\" data-element_type=\"widget\" data-widget_type=\"text-editor.default\">\n\t\t\t\t<div class=\"elementor-widget-container\">\n\t\t\t\t\t\t\t\t\t<p>Hasta memnuniyetini \u00f6n planda tutan klini\u011fimizde a\u015fa\u011f\u0131daki kalite politikalar\u0131n\u0131 benimsemekteyiz:<\/p><ul><li>Hasta tedavilerinde y\u00fcksek kalite standartlar\u0131na \u00f6ncelik verme<\/li><li>Hem hastalar\u0131n hem de personelin haklar\u0131na sayg\u0131 duyma<\/li><li>Etik ve yasal kurallara titizlikle uyma<\/li><li>\u00c7evre bilincini \u00f6nceliklendirme<\/li><li>Hasta odakl\u0131 hizmet anlay\u0131\u015f\u0131n\u0131 benimseme<\/li><li>Kat\u0131l\u0131mc\u0131, ho\u015fg\u00f6r\u00fcl\u00fc ve yenilik\u00e7i bir y\u00f6netim felsefesini benimseme<\/li><li>Uygulamalar\u0131m\u0131z\u0131 bilimsel ilkelere dayand\u0131rma<\/li><li>T\u00fcm hizmetlerde hesap verebilirlik ve \u015feffafl\u0131\u011f\u0131 sa\u011flama<\/li><\/ul><p>DENTE DENTAL STUDIO olarak, sizin i\u00e7in sa\u011fl\u0131kl\u0131 bir g\u00fcl\u00fcmseme ve kaliteli bak\u0131m\u0131n adresi olmaktan gurur duyuyoruz. Sizi daha sa\u011fl\u0131kl\u0131 bir gelece\u011fe ta\u015f\u0131mak i\u00e7in buraday\u0131z.<\/p>\t\t\t\t\t\t\t\t<\/div>\n\t\t\t\t<\/div>\n\t\t\t\t\t<\/div>\n\t\t<\/div>\n\t\t\t\t\t<\/div>\n\t\t<\/div>\n\t\t\t\t<\/div>\n\t\t","protected":false},"excerpt":{"rendered":"<p>Hakk\u0131m\u0131zda 2021 y\u0131l\u0131nda kurulan DENTE DENTAL STUDIO A\u011f\u0131z ve Di\u015f Sa\u011fl\u0131\u011f\u0131 Klini\u011fi, NS A\u011f\u0131z ve Di\u015f Sa\u011fl\u0131\u011f\u0131 Klinik Hizmetleri Ltd. \u015eti. y\u00f6netiminde, A\u011f\u0131z, Di\u015f ve \u00c7ene Cerrahisi Uzman\u0131 Dr. Nuri \u00dcNAL ve Estetik Di\u015f Hekimi Dt. Serdar DEM\u0130R\u00c7AL taraf\u0131ndan kurulmu\u015ftur. Ata\u015fehir\u2019de hizmet vermeye ba\u015flayan klini\u011fimiz, ulusal ve uluslararas\u0131 d\u00fczeyde kapsaml\u0131 di\u015f bak\u0131m\u0131 hizmetleri sunmaktad\u0131r. Modern [&hellip;]<\/p>\n","protected":false},"author":1,"featured_media":0,"parent":0,"menu_order":0,"comment_status":"closed","ping_status":"closed","template":"","meta":{"footnotes":""},"class_list":["post-2004","page","type-page","status-publish","hentry"],"yoast_head":"<!-- This site is optimized with the Yoast SEO Premium plugin v23.5 (Yoast SEO v26.4) - https:\/\/yoast.com\/wordpress\/plugins\/seo\/ -->\n<title>Hakk\u0131m\u0131zda - Dente Dental Studio<\/title>\n<meta name=\"robots\" content=\"index, follow, max-snippet:-1, max-image-preview:large, max-video-preview:-1\" \/>\n<link rel=\"canonical\" href=\"https:\/\/dentedentalstudio.com\/tr\/hakkimizda\/\" \/>\n<meta property=\"og:locale\" content=\"tr_TR\" \/>\n<meta property=\"og:type\" content=\"article\" \/>\n<meta property=\"og:title\" content=\"Dente Dental Studio - Hakk\u0131m\u0131zda\" \/>\n<meta property=\"og:description\" content=\"Hakk\u0131m\u0131zda 2021 y\u0131l\u0131nda kurulan DENTE DENTAL STUDIO A\u011f\u0131z ve Di\u015f Sa\u011fl\u0131\u011f\u0131 Klini\u011fi, NS A\u011f\u0131z ve Di\u015f Sa\u011fl\u0131\u011f\u0131 Klinik Hizmetleri Ltd. \u015eti. y\u00f6netiminde, A\u011f\u0131z, Di\u015f ve \u00c7ene Cerrahisi Uzman\u0131 Dr. Nuri \u00dcNAL ve Estetik Di\u015f Hekimi Dt. Serdar DEM\u0130R\u00c7AL taraf\u0131ndan kurulmu\u015ftur. Ata\u015fehir\u2019de hizmet vermeye ba\u015flayan klini\u011fimiz, ulusal ve uluslararas\u0131 d\u00fczeyde kapsaml\u0131 di\u015f bak\u0131m\u0131 hizmetleri sunmaktad\u0131r. Modern [&hellip;]\" \/>\n<meta property=\"og:url\" content=\"https:\/\/dentedentalstudio.com\/tr\/hakkimizda\/\" \/>\n<meta property=\"og:site_name\" content=\"Dente Dental Studio\" \/>\n<meta property=\"article:publisher\" content=\"https:\/\/www.facebook.com\/dentedentalizmir\" \/>\n<meta property=\"article:modified_time\" content=\"2024-06-13T08:12:40+00:00\" \/>\n<meta property=\"og:image\" content=\"https:\/\/dentedentalstudio.com\/wp-content\/uploads\/2024\/10\/cropped-Basliksiz-1.png\" \/>\n\t<meta property=\"og:image:width\" content=\"512\" \/>\n\t<meta property=\"og:image:height\" content=\"512\" \/>\n\t<meta property=\"og:image:type\" content=\"image\/png\" \/>\n<meta name=\"twitter:card\" content=\"summary_large_image\" \/>\n<meta name=\"twitter:label1\" content=\"Tahmini okuma s\u00fcresi\" \/>\n\t<meta name=\"twitter:data1\" content=\"2 dakika\" \/>\n<script type=\"application\/ld+json\" class=\"yoast-schema-graph\">{\"@context\":\"https:\/\/schema.org\",\"@graph\":[{\"@type\":\"WebPage\",\"@id\":\"https:\/\/dentedentalstudio.com\/tr\/hakkimizda\/\",\"url\":\"https:\/\/dentedentalstudio.com\/tr\/hakkimizda\/\",\"name\":\"Hakk\u0131m\u0131zda - Dente Dental Studio\",\"isPartOf\":{\"@id\":\"https:\/\/dentedentalstudio.com\/tr\/#website\"},\"datePublished\":\"2022-04-27T13:36:56+00:00\",\"dateModified\":\"2024-06-13T08:12:40+00:00\",\"breadcrumb\":{\"@id\":\"https:\/\/dentedentalstudio.com\/tr\/hakkimizda\/#breadcrumb\"},\"inLanguage\":\"tr\",\"potentialAction\":[{\"@type\":\"ReadAction\",\"target\":[\"https:\/\/dentedentalstudio.com\/tr\/hakkimizda\/\"]}]},{\"@type\":\"BreadcrumbList\",\"@id\":\"https:\/\/dentedentalstudio.com\/tr\/hakkimizda\/#breadcrumb\",\"itemListElement\":[{\"@type\":\"ListItem\",\"position\":1,\"name\":\"Home\",\"item\":\"https:\/\/dentedentalstudio.com\/\"},{\"@type\":\"ListItem\",\"position\":2,\"name\":\"Hakk\u0131m\u0131zda\"}]},{\"@type\":\"WebSite\",\"@id\":\"https:\/\/dentedentalstudio.com\/tr\/#website\",\"url\":\"https:\/\/dentedentalstudio.com\/tr\/\",\"name\":\"Dente Dental Studio\",\"description\":\"\",\"publisher\":{\"@id\":\"https:\/\/dentedentalstudio.com\/tr\/#organization\"},\"potentialAction\":[{\"@type\":\"SearchAction\",\"target\":{\"@type\":\"EntryPoint\",\"urlTemplate\":\"https:\/\/dentedentalstudio.com\/tr\/?s={search_term_string}\"},\"query-input\":{\"@type\":\"PropertyValueSpecification\",\"valueRequired\":true,\"valueName\":\"search_term_string\"}}],\"inLanguage\":\"tr\"},{\"@type\":\"Organization\",\"@id\":\"https:\/\/dentedentalstudio.com\/tr\/#organization\",\"name\":\"Dente Dental Studio\",\"url\":\"https:\/\/dentedentalstudio.com\/tr\/\",\"logo\":{\"@type\":\"ImageObject\",\"inLanguage\":\"tr\",\"@id\":\"https:\/\/dentedentalstudio.com\/tr\/#\/schema\/logo\/image\/\",\"url\":\"https:\/\/dentedentalstudio.com\/wp-content\/uploads\/2022\/07\/Varlik-3.svg\",\"contentUrl\":\"https:\/\/dentedentalstudio.com\/wp-content\/uploads\/2022\/07\/Varlik-3.svg\",\"width\":1,\"height\":1,\"caption\":\"Dente Dental Studio\"},\"image\":{\"@id\":\"https:\/\/dentedentalstudio.com\/tr\/#\/schema\/logo\/image\/\"},\"sameAs\":[\"https:\/\/www.facebook.com\/dentedentalizmir\",\"https:\/\/www.instagram.com\/dentedentalstudio\/\"]}]}<\/script>\n<!-- \/ Yoast SEO Premium plugin. -->","yoast_head_json":{"title":"Hakk\u0131m\u0131zda - Dente Dental Studio","robots":{"index":"index","follow":"follow","max-snippet":"max-snippet:-1","max-image-preview":"max-image-preview:large","max-video-preview":"max-video-preview:-1"},"canonical":"https:\/\/dentedentalstudio.com\/tr\/hakkimizda\/","og_locale":"tr_TR","og_type":"article","og_title":"Dente Dental Studio - Hakk\u0131m\u0131zda","og_description":"Hakk\u0131m\u0131zda 2021 y\u0131l\u0131nda kurulan DENTE DENTAL STUDIO A\u011f\u0131z ve Di\u015f Sa\u011fl\u0131\u011f\u0131 Klini\u011fi, NS A\u011f\u0131z ve Di\u015f Sa\u011fl\u0131\u011f\u0131 Klinik Hizmetleri Ltd. \u015eti. y\u00f6netiminde, A\u011f\u0131z, Di\u015f ve \u00c7ene Cerrahisi Uzman\u0131 Dr. Nuri \u00dcNAL ve Estetik Di\u015f Hekimi Dt. Serdar DEM\u0130R\u00c7AL taraf\u0131ndan kurulmu\u015ftur. Ata\u015fehir\u2019de hizmet vermeye ba\u015flayan klini\u011fimiz, ulusal ve uluslararas\u0131 d\u00fczeyde kapsaml\u0131 di\u015f bak\u0131m\u0131 hizmetleri sunmaktad\u0131r. Modern [&hellip;]","og_url":"https:\/\/dentedentalstudio.com\/tr\/hakkimizda\/","og_site_name":"Dente Dental Studio","article_publisher":"https:\/\/www.facebook.com\/dentedentalizmir","article_modified_time":"2024-06-13T08:12:40+00:00","og_image":[{"width":512,"height":512,"url":"https:\/\/dentedentalstudio.com\/wp-content\/uploads\/2024\/10\/cropped-Basliksiz-1.png","type":"image\/png"}],"twitter_card":"summary_large_image","twitter_misc":{"Tahmini okuma s\u00fcresi":"2 dakika"},"schema":{"@context":"https:\/\/schema.org","@graph":[{"@type":"WebPage","@id":"https:\/\/dentedentalstudio.com\/tr\/hakkimizda\/","url":"https:\/\/dentedentalstudio.com\/tr\/hakkimizda\/","name":"Hakk\u0131m\u0131zda - Dente Dental Studio","isPartOf":{"@id":"https:\/\/dentedentalstudio.com\/tr\/#website"},"datePublished":"2022-04-27T13:36:56+00:00","dateModified":"2024-06-13T08:12:40+00:00","breadcrumb":{"@id":"https:\/\/dentedentalstudio.com\/tr\/hakkimizda\/#breadcrumb"},"inLanguage":"tr","potentialAction":[{"@type":"ReadAction","target":["https:\/\/dentedentalstudio.com\/tr\/hakkimizda\/"]}]},{"@type":"BreadcrumbList","@id":"https:\/\/dentedentalstudio.com\/tr\/hakkimizda\/#breadcrumb","itemListElement":[{"@type":"ListItem","position":1,"name":"Home","item":"https:\/\/dentedentalstudio.com\/"},{"@type":"ListItem","position":2,"name":"Hakk\u0131m\u0131zda"}]},{"@type":"WebSite","@id":"https:\/\/dentedentalstudio.com\/tr\/#website","url":"https:\/\/dentedentalstudio.com\/tr\/","name":"Dente Dental Studio","description":"","publisher":{"@id":"https:\/\/dentedentalstudio.com\/tr\/#organization"},"potentialAction":[{"@type":"SearchAction","target":{"@type":"EntryPoint","urlTemplate":"https:\/\/dentedentalstudio.com\/tr\/?s={search_term_string}"},"query-input":{"@type":"PropertyValueSpecification","valueRequired":true,"valueName":"search_term_string"}}],"inLanguage":"tr"},{"@type":"Organization","@id":"https:\/\/dentedentalstudio.com\/tr\/#organization","name":"Dente Dental Studio","url":"https:\/\/dentedentalstudio.com\/tr\/","logo":{"@type":"ImageObject","inLanguage":"tr","@id":"https:\/\/dentedentalstudio.com\/tr\/#\/schema\/logo\/image\/","url":"https:\/\/dentedentalstudio.com\/wp-content\/uploads\/2022\/07\/Varlik-3.svg","contentUrl":"https:\/\/dentedentalstudio.com\/wp-content\/uploads\/2022\/07\/Varlik-3.svg","width":1,"height":1,"caption":"Dente Dental Studio"},"image":{"@id":"https:\/\/dentedentalstudio.com\/tr\/#\/schema\/logo\/image\/"},"sameAs":["https:\/\/www.facebook.com\/dentedentalizmir","https:\/\/www.instagram.com\/dentedentalstudio\/"]}]}},"_links":{"self":[{"href":"https:\/\/dentedentalstudio.com\/tr\/wp-json\/wp\/v2\/pages\/2004","targetHints":{"allow":["GET"]}}],"collection":[{"href":"https:\/\/dentedentalstudio.com\/tr\/wp-json\/wp\/v2\/pages"}],"about":[{"href":"https:\/\/dentedentalstudio.com\/tr\/wp-json\/wp\/v2\/types\/page"}],"author":[{"embeddable":true,"href":"https:\/\/dentedentalstudio.com\/tr\/wp-json\/wp\/v2\/users\/1"}],"replies":[{"embeddable":true,"href":"https:\/\/dentedentalstudio.com\/tr\/wp-json\/wp\/v2\/comments?post=2004"}],"version-history":[{"count":0,"href":"https:\/\/dentedentalstudio.com\/tr\/wp-json\/wp\/v2\/pages\/2004\/revisions"}],"wp:attachment":[{"href":"https:\/\/dentedentalstudio.com\/tr\/wp-json\/wp\/v2\/media?parent=2004"}],"curies":[{"name":"wp","href":"https:\/\/api.w.org\/{rel}","templated":true}]}}