{"id":12660,"date":"2025-12-17T05:58:07","date_gmt":"2025-12-17T02:58:07","guid":{"rendered":"https:\/\/dentedentalstudio.com\/?page_id=12660"},"modified":"2025-12-17T06:01:02","modified_gmt":"2025-12-17T03:01:02","slug":"fatih-keskiner","status":"publish","type":"page","link":"https:\/\/dentedentalstudio.com\/tr\/doktorlarimiz\/fatih-keskiner\/","title":{"rendered":"Fatih Keskiner"},"content":{"rendered":"\t\t<div data-elementor-type=\"wp-page\" data-elementor-id=\"12660\" class=\"elementor elementor-12660\">\n\t\t\t\t<div class=\"elementor-element elementor-element-67be794 e-flex e-con-boxed e-con e-parent\" data-id=\"67be794\" data-element_type=\"container\">\n\t\t\t\t\t<div class=\"e-con-inner\">\n\t\t\t\t<div class=\"elementor-element elementor-element-5a11b58 elementor-widget elementor-widget-ld_text_reveal\" data-id=\"5a11b58\" data-element_type=\"widget\" data-widget_type=\"ld_text_reveal.default\">\n\t\t\t\t<div class=\"elementor-widget-container\">\n\t\t\t\t\t<h2 class=\"lqd-text-reveal-el mt-0 mb-0\" data-split-text=\"true\" data-split-options=\"{&quot;type&quot;:&quot;words, chars&quot;}\" data-parallax=\"true\" data-parallax-options=\"{&quot;disableOnMobile&quot;:false,&quot;parallaxTargets&quot;:&quot;.lqd-chars, figure&quot;,&quot;start&quot;:&quot;top 70%&quot;,&quot;end&quot;:&quot;bottom bottom&quot;,&quot;scrub&quot;:3,&quot;skipWillChange&quot;:true}\" data-parallax-from=\"{&quot;opacity&quot;:0.200000000000000011102230246251565404236316680908203125}\" data-parallax-to=\"{&quot;opacity&quot;:1,&quot;stagger&quot;:{&quot;from&quot;:&quot;start&quot;,&quot;each&quot;:1}}\">Dt. Fatih KESK\u0130NER<\/h2>\t\t\t\t<\/div>\n\t\t\t\t<\/div>\n\t\t\t\t\t<\/div>\n\t\t\t\t<\/div>\n\t\t<div class=\"elementor-element elementor-element-bb53ce8 e-flex e-con-boxed e-con e-parent\" data-id=\"bb53ce8\" data-element_type=\"container\">\n\t\t\t\t\t<div class=\"e-con-inner\">\n\t\t<div class=\"elementor-element elementor-element-5e9ef08 e-con-full e-flex e-con e-child\" data-id=\"5e9ef08\" data-element_type=\"container\">\n\t\t\t\t<div class=\"elementor-element elementor-element-58d496f elementor-widget elementor-widget-image\" data-id=\"58d496f\" data-element_type=\"widget\" data-widget_type=\"image.default\">\n\t\t\t\t<div class=\"elementor-widget-container\">\n\t\t\t\t\t\t\t\t\t\t\t\t\t\t\t<img decoding=\"async\" width=\"576\" height=\"1024\" src=\"https:\/\/dentedentalstudio.com\/wp-content\/uploads\/2025\/12\/DT.-FATIH-KESKINER-1-576x1024.png\" class=\"attachment-large size-large wp-image-12628\" alt=\"\" srcset=\"https:\/\/dentedentalstudio.com\/wp-content\/uploads\/2025\/12\/DT.-FATIH-KESKINER-1-576x1024.png 576w, https:\/\/dentedentalstudio.com\/wp-content\/uploads\/2025\/12\/DT.-FATIH-KESKINER-1-169x300.png 169w, https:\/\/dentedentalstudio.com\/wp-content\/uploads\/2025\/12\/DT.-FATIH-KESKINER-1-864x1536.png 864w, https:\/\/dentedentalstudio.com\/wp-content\/uploads\/2025\/12\/DT.-FATIH-KESKINER-1.png 1080w\" sizes=\"(max-width: 576px) 100vw, 576px\" \/>\t\t\t\t\t\t\t\t\t\t\t\t\t\t\t<\/div>\n\t\t\t\t<\/div>\n\t\t\t\t<\/div>\n\t\t<div class=\"elementor-element elementor-element-466f194 e-con-full e-flex e-con e-child\" data-id=\"466f194\" data-element_type=\"container\">\n\t\t\t\t<div class=\"elementor-element elementor-element-a6c7893 elementor-widget elementor-widget-text-editor\" data-id=\"a6c7893\" data-element_type=\"widget\" data-widget_type=\"text-editor.default\">\n\t\t\t\t<div class=\"elementor-widget-container\">\n\t\t\t\t\t\t\t\t\t<p data-start=\"136\" data-end=\"452\"><strong data-start=\"136\" data-end=\"182\">1997 do\u011fumlu Di\u015f Hekimi Dt. Fatih Keskiner<\/strong>, estetik ve tasar\u0131ma olan \u00e7ocukluk d\u00f6neminden gelen ilgisini, g\u00fcncel di\u015f hekimli\u011fi yakla\u015f\u0131mlar\u0131 ve ileri d\u00fczey klinik uygulamalarla birle\u015ftiren modern bir di\u015f hekimidir. Mesleki bak\u0131\u015f a\u00e7\u0131s\u0131n\u0131, hem fonksiyonel hem de estetik \u00e7\u00f6z\u00fcmler \u00fcretme hedefi \u00fczerine in\u015fa etmi\u015ftir.<\/p><p data-start=\"454\" data-end=\"724\">Lisans ve lisans\u00fcst\u00fc e\u011fitimini <strong data-start=\"485\" data-end=\"505\">Ege \u00dcniversitesi<\/strong> b\u00fcnyesinde tamamlayarak <strong data-start=\"530\" data-end=\"559\">y\u00fcksek lisans derecesiyle<\/strong> mezun olmu\u015ftur. Akademik e\u011fitimi s\u00fcresince ve sonras\u0131nda, mesleki geli\u015fimini s\u00fcrekli k\u0131lmak amac\u0131yla bir\u00e7ok ileri seviye e\u011fitim ve sertifika program\u0131na kat\u0131lm\u0131\u015ft\u0131r.<\/p><p data-start=\"726\" data-end=\"1124\">Dt. Fatih Keskiner; <strong data-start=\"746\" data-end=\"762\">implantoloji<\/strong>, <strong data-start=\"764\" data-end=\"787\">protez uygulamalar\u0131<\/strong>, <strong data-start=\"789\" data-end=\"808\">ileri endodonti<\/strong>, <strong data-start=\"810\" data-end=\"835\">dijital di\u015f hekimli\u011fi<\/strong> ve <strong data-start=\"839\" data-end=\"869\">biyomimetik restorasyonlar<\/strong> alanlar\u0131nda kapsaml\u0131 e\u011fitimler alm\u0131\u015f ve bu alanlarda klinik deneyim kazanm\u0131\u015ft\u0131r. \u00d6zellikle dijital teknolojilerin di\u015f hekimli\u011fine entegrasyonu konusunda g\u00fcncel yakla\u015f\u0131mlar\u0131 benimseyerek, tedavi s\u00fcre\u00e7lerini daha hassas ve \u00f6ng\u00f6r\u00fclebilir hale getirmektedir.<\/p><p data-start=\"1126\" data-end=\"1466\">Titiz \u00e7al\u0131\u015fma disiplini, detaylara verdi\u011fi \u00f6nem ve teknolojiye h\u00e2kim yakla\u015f\u0131m\u0131 sayesinde; hastalar\u0131na <strong data-start=\"1228\" data-end=\"1247\">do\u011fal g\u00f6r\u00fcn\u00fcml\u00fc<\/strong>, <strong data-start=\"1249\" data-end=\"1264\">uzun \u00f6m\u00fcrl\u00fc<\/strong> ve <strong data-start=\"1268\" data-end=\"1305\">y\u00fcksek estetik standartlara sahip<\/strong> tedavi \u00e7\u00f6z\u00fcmleri sunmay\u0131 ama\u00e7lamaktad\u0131r. Klinik prati\u011finde, hasta memnuniyetini ve tedavi kalitesini \u00f6n planda tutan bir anlay\u0131\u015fla \u00e7al\u0131\u015fmalar\u0131n\u0131 s\u00fcrd\u00fcrmektedir.<\/p>\t\t\t\t\t\t\t\t<\/div>\n\t\t\t\t<\/div>\n\t\t\t\t<\/div>\n\t\t\t\t\t<\/div>\n\t\t\t\t<\/div>\n\t\t\t\t<\/div>\n\t\t","protected":false},"excerpt":{"rendered":"<p>Dt. Fatih KESK\u0130NER 1997 do\u011fumlu Di\u015f Hekimi Dt. Fatih Keskiner, estetik ve tasar\u0131ma olan \u00e7ocukluk d\u00f6neminden gelen ilgisini, g\u00fcncel di\u015f hekimli\u011fi yakla\u015f\u0131mlar\u0131 ve ileri d\u00fczey klinik uygulamalarla birle\u015ftiren modern bir di\u015f hekimidir. Mesleki bak\u0131\u015f a\u00e7\u0131s\u0131n\u0131, hem fonksiyonel hem de estetik \u00e7\u00f6z\u00fcmler \u00fcretme hedefi \u00fczerine in\u015fa etmi\u015ftir. Lisans ve lisans\u00fcst\u00fc e\u011fitimini Ege \u00dcniversitesi b\u00fcnyesinde tamamlayarak y\u00fcksek [&hellip;]<\/p>\n","protected":false},"author":2,"featured_media":0,"parent":8570,"menu_order":0,"comment_status":"closed","ping_status":"closed","template":"","meta":{"footnotes":""},"class_list":["post-12660","page","type-page","status-publish","hentry"],"yoast_head":"<!-- This site is optimized with the Yoast SEO Premium plugin v23.5 (Yoast SEO v26.4) - https:\/\/yoast.com\/wordpress\/plugins\/seo\/ -->\n<title>Fatih Keskiner - Dente Dental Studio<\/title>\n<meta name=\"robots\" content=\"index, follow, max-snippet:-1, max-image-preview:large, max-video-preview:-1\" \/>\n<link rel=\"canonical\" href=\"https:\/\/dentedentalstudio.com\/tr\/doktorlarimiz\/fatih-keskiner\/\" \/>\n<meta property=\"og:locale\" content=\"tr_TR\" \/>\n<meta property=\"og:type\" content=\"article\" \/>\n<meta property=\"og:title\" content=\"Dente Dental Studio - Fatih Keskiner\" \/>\n<meta property=\"og:description\" content=\"Dt. Fatih KESK\u0130NER 1997 do\u011fumlu Di\u015f Hekimi Dt. Fatih Keskiner, estetik ve tasar\u0131ma olan \u00e7ocukluk d\u00f6neminden gelen ilgisini, g\u00fcncel di\u015f hekimli\u011fi yakla\u015f\u0131mlar\u0131 ve ileri d\u00fczey klinik uygulamalarla birle\u015ftiren modern bir di\u015f hekimidir. Mesleki bak\u0131\u015f a\u00e7\u0131s\u0131n\u0131, hem fonksiyonel hem de estetik \u00e7\u00f6z\u00fcmler \u00fcretme hedefi \u00fczerine in\u015fa etmi\u015ftir. Lisans ve lisans\u00fcst\u00fc e\u011fitimini Ege \u00dcniversitesi b\u00fcnyesinde tamamlayarak y\u00fcksek [&hellip;]\" \/>\n<meta property=\"og:url\" content=\"https:\/\/dentedentalstudio.com\/tr\/doktorlarimiz\/fatih-keskiner\/\" \/>\n<meta property=\"og:site_name\" content=\"Dente Dental Studio\" \/>\n<meta property=\"article:publisher\" content=\"https:\/\/www.facebook.com\/dentedentalizmir\" \/>\n<meta property=\"article:modified_time\" content=\"2025-12-17T03:01:02+00:00\" \/>\n<meta property=\"og:image\" content=\"https:\/\/dentedentalstudio.com\/wp-content\/uploads\/2025\/12\/DT.-FATIH-KESKINER-1.png\" \/>\n\t<meta property=\"og:image:width\" content=\"1080\" \/>\n\t<meta property=\"og:image:height\" content=\"1920\" \/>\n\t<meta property=\"og:image:type\" content=\"image\/png\" \/>\n<meta name=\"twitter:card\" content=\"summary_large_image\" \/>\n<meta name=\"twitter:label1\" content=\"Tahmini okuma s\u00fcresi\" \/>\n\t<meta name=\"twitter:data1\" content=\"2 dakika\" \/>\n<script type=\"application\/ld+json\" class=\"yoast-schema-graph\">{\"@context\":\"https:\/\/schema.org\",\"@graph\":[{\"@type\":\"WebPage\",\"@id\":\"https:\/\/dentedentalstudio.com\/tr\/doktorlarimiz\/fatih-keskiner\/\",\"url\":\"https:\/\/dentedentalstudio.com\/tr\/doktorlarimiz\/fatih-keskiner\/\",\"name\":\"Fatih Keskiner - Dente Dental Studio\",\"isPartOf\":{\"@id\":\"https:\/\/dentedentalstudio.com\/tr\/#website\"},\"primaryImageOfPage\":{\"@id\":\"https:\/\/dentedentalstudio.com\/tr\/doktorlarimiz\/fatih-keskiner\/#primaryimage\"},\"image\":{\"@id\":\"https:\/\/dentedentalstudio.com\/tr\/doktorlarimiz\/fatih-keskiner\/#primaryimage\"},\"thumbnailUrl\":\"https:\/\/dentedentalstudio.com\/wp-content\/uploads\/2025\/12\/DT.-FATIH-KESKINER-1-576x1024.png\",\"datePublished\":\"2025-12-17T02:58:07+00:00\",\"dateModified\":\"2025-12-17T03:01:02+00:00\",\"breadcrumb\":{\"@id\":\"https:\/\/dentedentalstudio.com\/tr\/doktorlarimiz\/fatih-keskiner\/#breadcrumb\"},\"inLanguage\":\"tr\",\"potentialAction\":[{\"@type\":\"ReadAction\",\"target\":[\"https:\/\/dentedentalstudio.com\/tr\/doktorlarimiz\/fatih-keskiner\/\"]}]},{\"@type\":\"ImageObject\",\"inLanguage\":\"tr\",\"@id\":\"https:\/\/dentedentalstudio.com\/tr\/doktorlarimiz\/fatih-keskiner\/#primaryimage\",\"url\":\"https:\/\/dentedentalstudio.com\/wp-content\/uploads\/2025\/12\/DT.-FATIH-KESKINER-1-576x1024.png\",\"contentUrl\":\"https:\/\/dentedentalstudio.com\/wp-content\/uploads\/2025\/12\/DT.-FATIH-KESKINER-1-576x1024.png\"},{\"@type\":\"BreadcrumbList\",\"@id\":\"https:\/\/dentedentalstudio.com\/tr\/doktorlarimiz\/fatih-keskiner\/#breadcrumb\",\"itemListElement\":[{\"@type\":\"ListItem\",\"position\":1,\"name\":\"Home\",\"item\":\"https:\/\/dentedentalstudio.com\/\"},{\"@type\":\"ListItem\",\"position\":2,\"name\":\"Doktorlar\u0131m\u0131z\",\"item\":\"https:\/\/dentedentalstudio.com\/tr\/doktorlarimiz\/\"},{\"@type\":\"ListItem\",\"position\":3,\"name\":\"Fatih Keskiner\"}]},{\"@type\":\"WebSite\",\"@id\":\"https:\/\/dentedentalstudio.com\/tr\/#website\",\"url\":\"https:\/\/dentedentalstudio.com\/tr\/\",\"name\":\"Dente Dental Studio\",\"description\":\"\",\"publisher\":{\"@id\":\"https:\/\/dentedentalstudio.com\/tr\/#organization\"},\"potentialAction\":[{\"@type\":\"SearchAction\",\"target\":{\"@type\":\"EntryPoint\",\"urlTemplate\":\"https:\/\/dentedentalstudio.com\/tr\/?s={search_term_string}\"},\"query-input\":{\"@type\":\"PropertyValueSpecification\",\"valueRequired\":true,\"valueName\":\"search_term_string\"}}],\"inLanguage\":\"tr\"},{\"@type\":\"Organization\",\"@id\":\"https:\/\/dentedentalstudio.com\/tr\/#organization\",\"name\":\"Dente Dental Studio\",\"url\":\"https:\/\/dentedentalstudio.com\/tr\/\",\"logo\":{\"@type\":\"ImageObject\",\"inLanguage\":\"tr\",\"@id\":\"https:\/\/dentedentalstudio.com\/tr\/#\/schema\/logo\/image\/\",\"url\":\"https:\/\/dentedentalstudio.com\/wp-content\/uploads\/2022\/07\/Varlik-3.svg\",\"contentUrl\":\"https:\/\/dentedentalstudio.com\/wp-content\/uploads\/2022\/07\/Varlik-3.svg\",\"width\":1,\"height\":1,\"caption\":\"Dente Dental Studio\"},\"image\":{\"@id\":\"https:\/\/dentedentalstudio.com\/tr\/#\/schema\/logo\/image\/\"},\"sameAs\":[\"https:\/\/www.facebook.com\/dentedentalizmir\",\"https:\/\/www.instagram.com\/dentedentalstudio\/\"]}]}<\/script>\n<!-- \/ Yoast SEO Premium plugin. -->","yoast_head_json":{"title":"Fatih Keskiner - Dente Dental Studio","robots":{"index":"index","follow":"follow","max-snippet":"max-snippet:-1","max-image-preview":"max-image-preview:large","max-video-preview":"max-video-preview:-1"},"canonical":"https:\/\/dentedentalstudio.com\/tr\/doktorlarimiz\/fatih-keskiner\/","og_locale":"tr_TR","og_type":"article","og_title":"Dente Dental Studio - Fatih Keskiner","og_description":"Dt. Fatih KESK\u0130NER 1997 do\u011fumlu Di\u015f Hekimi Dt. Fatih Keskiner, estetik ve tasar\u0131ma olan \u00e7ocukluk d\u00f6neminden gelen ilgisini, g\u00fcncel di\u015f hekimli\u011fi yakla\u015f\u0131mlar\u0131 ve ileri d\u00fczey klinik uygulamalarla birle\u015ftiren modern bir di\u015f hekimidir. Mesleki bak\u0131\u015f a\u00e7\u0131s\u0131n\u0131, hem fonksiyonel hem de estetik \u00e7\u00f6z\u00fcmler \u00fcretme hedefi \u00fczerine in\u015fa etmi\u015ftir. Lisans ve lisans\u00fcst\u00fc e\u011fitimini Ege \u00dcniversitesi b\u00fcnyesinde tamamlayarak y\u00fcksek [&hellip;]","og_url":"https:\/\/dentedentalstudio.com\/tr\/doktorlarimiz\/fatih-keskiner\/","og_site_name":"Dente Dental Studio","article_publisher":"https:\/\/www.facebook.com\/dentedentalizmir","article_modified_time":"2025-12-17T03:01:02+00:00","og_image":[{"width":1080,"height":1920,"url":"https:\/\/dentedentalstudio.com\/wp-content\/uploads\/2025\/12\/DT.-FATIH-KESKINER-1.png","type":"image\/png"}],"twitter_card":"summary_large_image","twitter_misc":{"Tahmini okuma s\u00fcresi":"2 dakika"},"schema":{"@context":"https:\/\/schema.org","@graph":[{"@type":"WebPage","@id":"https:\/\/dentedentalstudio.com\/tr\/doktorlarimiz\/fatih-keskiner\/","url":"https:\/\/dentedentalstudio.com\/tr\/doktorlarimiz\/fatih-keskiner\/","name":"Fatih Keskiner - Dente Dental Studio","isPartOf":{"@id":"https:\/\/dentedentalstudio.com\/tr\/#website"},"primaryImageOfPage":{"@id":"https:\/\/dentedentalstudio.com\/tr\/doktorlarimiz\/fatih-keskiner\/#primaryimage"},"image":{"@id":"https:\/\/dentedentalstudio.com\/tr\/doktorlarimiz\/fatih-keskiner\/#primaryimage"},"thumbnailUrl":"https:\/\/dentedentalstudio.com\/wp-content\/uploads\/2025\/12\/DT.-FATIH-KESKINER-1-576x1024.png","datePublished":"2025-12-17T02:58:07+00:00","dateModified":"2025-12-17T03:01:02+00:00","breadcrumb":{"@id":"https:\/\/dentedentalstudio.com\/tr\/doktorlarimiz\/fatih-keskiner\/#breadcrumb"},"inLanguage":"tr","potentialAction":[{"@type":"ReadAction","target":["https:\/\/dentedentalstudio.com\/tr\/doktorlarimiz\/fatih-keskiner\/"]}]},{"@type":"ImageObject","inLanguage":"tr","@id":"https:\/\/dentedentalstudio.com\/tr\/doktorlarimiz\/fatih-keskiner\/#primaryimage","url":"https:\/\/dentedentalstudio.com\/wp-content\/uploads\/2025\/12\/DT.-FATIH-KESKINER-1-576x1024.png","contentUrl":"https:\/\/dentedentalstudio.com\/wp-content\/uploads\/2025\/12\/DT.-FATIH-KESKINER-1-576x1024.png"},{"@type":"BreadcrumbList","@id":"https:\/\/dentedentalstudio.com\/tr\/doktorlarimiz\/fatih-keskiner\/#breadcrumb","itemListElement":[{"@type":"ListItem","position":1,"name":"Home","item":"https:\/\/dentedentalstudio.com\/"},{"@type":"ListItem","position":2,"name":"Doktorlar\u0131m\u0131z","item":"https:\/\/dentedentalstudio.com\/tr\/doktorlarimiz\/"},{"@type":"ListItem","position":3,"name":"Fatih Keskiner"}]},{"@type":"WebSite","@id":"https:\/\/dentedentalstudio.com\/tr\/#website","url":"https:\/\/dentedentalstudio.com\/tr\/","name":"Dente Dental Studio","description":"","publisher":{"@id":"https:\/\/dentedentalstudio.com\/tr\/#organization"},"potentialAction":[{"@type":"SearchAction","target":{"@type":"EntryPoint","urlTemplate":"https:\/\/dentedentalstudio.com\/tr\/?s={search_term_string}"},"query-input":{"@type":"PropertyValueSpecification","valueRequired":true,"valueName":"search_term_string"}}],"inLanguage":"tr"},{"@type":"Organization","@id":"https:\/\/dentedentalstudio.com\/tr\/#organization","name":"Dente Dental Studio","url":"https:\/\/dentedentalstudio.com\/tr\/","logo":{"@type":"ImageObject","inLanguage":"tr","@id":"https:\/\/dentedentalstudio.com\/tr\/#\/schema\/logo\/image\/","url":"https:\/\/dentedentalstudio.com\/wp-content\/uploads\/2022\/07\/Varlik-3.svg","contentUrl":"https:\/\/dentedentalstudio.com\/wp-content\/uploads\/2022\/07\/Varlik-3.svg","width":1,"height":1,"caption":"Dente Dental Studio"},"image":{"@id":"https:\/\/dentedentalstudio.com\/tr\/#\/schema\/logo\/image\/"},"sameAs":["https:\/\/www.facebook.com\/dentedentalizmir","https:\/\/www.instagram.com\/dentedentalstudio\/"]}]}},"_links":{"self":[{"href":"https:\/\/dentedentalstudio.com\/tr\/wp-json\/wp\/v2\/pages\/12660","targetHints":{"allow":["GET"]}}],"collection":[{"href":"https:\/\/dentedentalstudio.com\/tr\/wp-json\/wp\/v2\/pages"}],"about":[{"href":"https:\/\/dentedentalstudio.com\/tr\/wp-json\/wp\/v2\/types\/page"}],"author":[{"embeddable":true,"href":"https:\/\/dentedentalstudio.com\/tr\/wp-json\/wp\/v2\/users\/2"}],"replies":[{"embeddable":true,"href":"https:\/\/dentedentalstudio.com\/tr\/wp-json\/wp\/v2\/comments?post=12660"}],"version-history":[{"count":4,"href":"https:\/\/dentedentalstudio.com\/tr\/wp-json\/wp\/v2\/pages\/12660\/revisions"}],"predecessor-version":[{"id":12672,"href":"https:\/\/dentedentalstudio.com\/tr\/wp-json\/wp\/v2\/pages\/12660\/revisions\/12672"}],"up":[{"embeddable":true,"href":"https:\/\/dentedentalstudio.com\/tr\/wp-json\/wp\/v2\/pages\/8570"}],"wp:attachment":[{"href":"https:\/\/dentedentalstudio.com\/tr\/wp-json\/wp\/v2\/media?parent=12660"}],"curies":[{"name":"wp","href":"https:\/\/api.w.org\/{rel}","templated":true}]}}