{"id":12659,"date":"2025-12-17T05:57:59","date_gmt":"2025-12-17T02:57:59","guid":{"rendered":"https:\/\/dentedentalstudio.com\/?page_id=12659"},"modified":"2025-12-17T06:00:11","modified_gmt":"2025-12-17T03:00:11","slug":"omer-m-ciftci","status":"publish","type":"page","link":"https:\/\/dentedentalstudio.com\/tr\/doktorlarimiz\/omer-m-ciftci\/","title":{"rendered":"\u00d6mer M. \u00c7\u0130FT\u00c7\u0130"},"content":{"rendered":"\t\t<div data-elementor-type=\"wp-page\" data-elementor-id=\"12659\" class=\"elementor elementor-12659\">\n\t\t\t\t<div class=\"elementor-element elementor-element-67be794 e-flex e-con-boxed e-con e-parent\" data-id=\"67be794\" data-element_type=\"container\">\n\t\t\t\t\t<div class=\"e-con-inner\">\n\t\t\t\t<div class=\"elementor-element elementor-element-5a11b58 elementor-widget elementor-widget-ld_text_reveal\" data-id=\"5a11b58\" data-element_type=\"widget\" data-widget_type=\"ld_text_reveal.default\">\n\t\t\t\t<div class=\"elementor-widget-container\">\n\t\t\t\t\t<h2 class=\"lqd-text-reveal-el mt-0 mb-0\" data-split-text=\"true\" data-split-options=\"{&quot;type&quot;:&quot;words, chars&quot;}\" data-parallax=\"true\" data-parallax-options=\"{&quot;disableOnMobile&quot;:false,&quot;parallaxTargets&quot;:&quot;.lqd-chars, figure&quot;,&quot;start&quot;:&quot;top 70%&quot;,&quot;end&quot;:&quot;bottom bottom&quot;,&quot;scrub&quot;:3,&quot;skipWillChange&quot;:true}\" data-parallax-from=\"{&quot;opacity&quot;:0.200000000000000011102230246251565404236316680908203125}\" data-parallax-to=\"{&quot;opacity&quot;:1,&quot;stagger&quot;:{&quot;from&quot;:&quot;start&quot;,&quot;each&quot;:1}}\">Dt. \u00d6mer M. \u00c7\u0130FT\u00c7\u0130<\/h2>\t\t\t\t<\/div>\n\t\t\t\t<\/div>\n\t\t\t\t\t<\/div>\n\t\t\t\t<\/div>\n\t\t<div class=\"elementor-element elementor-element-bb53ce8 e-flex e-con-boxed e-con e-parent\" data-id=\"bb53ce8\" data-element_type=\"container\">\n\t\t\t\t\t<div class=\"e-con-inner\">\n\t\t<div class=\"elementor-element elementor-element-5e9ef08 e-con-full e-flex e-con e-child\" data-id=\"5e9ef08\" data-element_type=\"container\">\n\t\t\t\t<div class=\"elementor-element elementor-element-58d496f elementor-widget elementor-widget-image\" data-id=\"58d496f\" data-element_type=\"widget\" data-widget_type=\"image.default\">\n\t\t\t\t<div class=\"elementor-widget-container\">\n\t\t\t\t\t\t\t\t\t\t\t\t\t\t\t<img decoding=\"async\" width=\"576\" height=\"1024\" src=\"https:\/\/dentedentalstudio.com\/wp-content\/uploads\/2025\/12\/DT.-OMER-CIFTCI-1-576x1024.png\" class=\"attachment-large size-large wp-image-12634\" alt=\"\" srcset=\"https:\/\/dentedentalstudio.com\/wp-content\/uploads\/2025\/12\/DT.-OMER-CIFTCI-1-576x1024.png 576w, https:\/\/dentedentalstudio.com\/wp-content\/uploads\/2025\/12\/DT.-OMER-CIFTCI-1-169x300.png 169w, https:\/\/dentedentalstudio.com\/wp-content\/uploads\/2025\/12\/DT.-OMER-CIFTCI-1-864x1536.png 864w, https:\/\/dentedentalstudio.com\/wp-content\/uploads\/2025\/12\/DT.-OMER-CIFTCI-1.png 1080w\" sizes=\"(max-width: 576px) 100vw, 576px\" \/>\t\t\t\t\t\t\t\t\t\t\t\t\t\t\t<\/div>\n\t\t\t\t<\/div>\n\t\t\t\t<\/div>\n\t\t<div class=\"elementor-element elementor-element-466f194 e-con-full e-flex e-con e-child\" data-id=\"466f194\" data-element_type=\"container\">\n\t\t\t\t<div class=\"elementor-element elementor-element-a6c7893 elementor-widget elementor-widget-text-editor\" data-id=\"a6c7893\" data-element_type=\"widget\" data-widget_type=\"text-editor.default\">\n\t\t\t\t<div class=\"elementor-widget-container\">\n\t\t\t\t\t\t\t\t\t<p data-start=\"139\" data-end=\"420\"><strong data-start=\"139\" data-end=\"172\">Di\u015f Hekimi Dt. \u00d6mer M. \u00c7\u0130FT\u00c7\u0130<\/strong>, 1994 y\u0131l\u0131nda <strong data-start=\"187\" data-end=\"203\">Gaziantep\u2019te<\/strong> do\u011fmu\u015ftur. Lise e\u011fitimini <strong data-start=\"230\" data-end=\"267\">Ayten Kemal Ak\u0131nal Anadolu Lisesi<\/strong>\u2019nde tamamlam\u0131\u015ft\u0131r. Lise e\u011fitiminin ard\u0131ndan <strong data-start=\"312\" data-end=\"356\">Ege \u00dcniversitesi Di\u015f Hekimli\u011fi Fak\u00fcltesi<\/strong>\u2019nde lisans e\u011fitimini tamamlayarak di\u015f hekimi unvan\u0131n\u0131 alm\u0131\u015ft\u0131r.<\/p><p data-start=\"422\" data-end=\"704\">Mesleki geli\u015fimine \u00f6nem veren Dt. \u00d6mer M. \u00c7ift\u00e7i, di\u015f hekimli\u011fi alan\u0131ndaki g\u00fcncel geli\u015fmeleri yak\u0131ndan takip ederek bilgi ve becerilerini s\u00fcrekli olarak g\u00fcncel tutmaktad\u0131r. Klinik prati\u011finde estetik ve fonksiyonel \u00e7\u00f6z\u00fcmleri bir arada sunmay\u0131 hedefleyen bir yakla\u015f\u0131m benimsemektedir.<\/p><p data-start=\"706\" data-end=\"1063\">Dt. \u00c7ift\u00e7i; <strong data-start=\"718\" data-end=\"743\">estetik di\u015f hekimli\u011fi<\/strong>, <strong data-start=\"745\" data-end=\"775\">lamine veneer uygulamalar\u0131<\/strong>, <strong data-start=\"777\" data-end=\"809\">E-max ve zirkonyum protezler<\/strong>, <strong data-start=\"811\" data-end=\"841\">implant destekli protezler<\/strong> ile <strong data-start=\"846\" data-end=\"875\">restoratif di\u015f tedavileri<\/strong> alanlar\u0131nda deneyim sahibidir. Sahip oldu\u011fu bu birikim do\u011frultusunda, hastalar\u0131na modern, g\u00fcvenilir ve g\u00fcncel tedavi y\u00f6ntemleriyle y\u00fcksek kaliteli a\u011f\u0131z ve di\u015f sa\u011fl\u0131\u011f\u0131 hizmeti sunmaktad\u0131r.<\/p>\t\t\t\t\t\t\t\t<\/div>\n\t\t\t\t<\/div>\n\t\t\t\t<\/div>\n\t\t\t\t\t<\/div>\n\t\t\t\t<\/div>\n\t\t\t\t<\/div>\n\t\t","protected":false},"excerpt":{"rendered":"<p>Dt. \u00d6mer M. \u00c7\u0130FT\u00c7\u0130 Di\u015f Hekimi Dt. \u00d6mer M. \u00c7\u0130FT\u00c7\u0130, 1994 y\u0131l\u0131nda Gaziantep\u2019te do\u011fmu\u015ftur. Lise e\u011fitimini Ayten Kemal Ak\u0131nal Anadolu Lisesi\u2019nde tamamlam\u0131\u015ft\u0131r. Lise e\u011fitiminin ard\u0131ndan Ege \u00dcniversitesi Di\u015f Hekimli\u011fi Fak\u00fcltesi\u2019nde lisans e\u011fitimini tamamlayarak di\u015f hekimi unvan\u0131n\u0131 alm\u0131\u015ft\u0131r. Mesleki geli\u015fimine \u00f6nem veren Dt. \u00d6mer M. \u00c7ift\u00e7i, di\u015f hekimli\u011fi alan\u0131ndaki g\u00fcncel geli\u015fmeleri yak\u0131ndan takip ederek bilgi ve [&hellip;]<\/p>\n","protected":false},"author":2,"featured_media":0,"parent":8570,"menu_order":0,"comment_status":"closed","ping_status":"closed","template":"","meta":{"footnotes":""},"class_list":["post-12659","page","type-page","status-publish","hentry"],"yoast_head":"<!-- This site is optimized with the Yoast SEO Premium plugin v23.5 (Yoast SEO v26.4) - https:\/\/yoast.com\/wordpress\/plugins\/seo\/ -->\n<title>\u00d6mer M. \u00c7\u0130FT\u00c7\u0130 - Dente Dental Studio<\/title>\n<meta name=\"robots\" content=\"index, follow, max-snippet:-1, max-image-preview:large, max-video-preview:-1\" \/>\n<link rel=\"canonical\" href=\"https:\/\/dentedentalstudio.com\/tr\/doktorlarimiz\/omer-m-ciftci\/\" \/>\n<meta property=\"og:locale\" content=\"tr_TR\" \/>\n<meta property=\"og:type\" content=\"article\" \/>\n<meta property=\"og:title\" content=\"Dente Dental Studio - \u00d6mer M. \u00c7\u0130FT\u00c7\u0130\" \/>\n<meta property=\"og:description\" content=\"Dt. \u00d6mer M. \u00c7\u0130FT\u00c7\u0130 Di\u015f Hekimi Dt. \u00d6mer M. \u00c7\u0130FT\u00c7\u0130, 1994 y\u0131l\u0131nda Gaziantep\u2019te do\u011fmu\u015ftur. Lise e\u011fitimini Ayten Kemal Ak\u0131nal Anadolu Lisesi\u2019nde tamamlam\u0131\u015ft\u0131r. Lise e\u011fitiminin ard\u0131ndan Ege \u00dcniversitesi Di\u015f Hekimli\u011fi Fak\u00fcltesi\u2019nde lisans e\u011fitimini tamamlayarak di\u015f hekimi unvan\u0131n\u0131 alm\u0131\u015ft\u0131r. Mesleki geli\u015fimine \u00f6nem veren Dt. \u00d6mer M. \u00c7ift\u00e7i, di\u015f hekimli\u011fi alan\u0131ndaki g\u00fcncel geli\u015fmeleri yak\u0131ndan takip ederek bilgi ve [&hellip;]\" \/>\n<meta property=\"og:url\" content=\"https:\/\/dentedentalstudio.com\/tr\/doktorlarimiz\/omer-m-ciftci\/\" \/>\n<meta property=\"og:site_name\" content=\"Dente Dental Studio\" \/>\n<meta property=\"article:publisher\" content=\"https:\/\/www.facebook.com\/dentedentalizmir\" \/>\n<meta property=\"article:modified_time\" content=\"2025-12-17T03:00:11+00:00\" \/>\n<meta property=\"og:image\" content=\"https:\/\/dentedentalstudio.com\/wp-content\/uploads\/2025\/12\/DT.-OMER-CIFTCI-1.png\" \/>\n\t<meta property=\"og:image:width\" content=\"1080\" \/>\n\t<meta property=\"og:image:height\" content=\"1920\" \/>\n\t<meta property=\"og:image:type\" content=\"image\/png\" \/>\n<meta name=\"twitter:card\" content=\"summary_large_image\" \/>\n<meta name=\"twitter:label1\" content=\"Tahmini okuma s\u00fcresi\" \/>\n\t<meta name=\"twitter:data1\" content=\"1 dakika\" \/>\n<script type=\"application\/ld+json\" class=\"yoast-schema-graph\">{\"@context\":\"https:\/\/schema.org\",\"@graph\":[{\"@type\":\"WebPage\",\"@id\":\"https:\/\/dentedentalstudio.com\/tr\/doktorlarimiz\/omer-m-ciftci\/\",\"url\":\"https:\/\/dentedentalstudio.com\/tr\/doktorlarimiz\/omer-m-ciftci\/\",\"name\":\"\u00d6mer M. \u00c7\u0130FT\u00c7\u0130 - Dente Dental Studio\",\"isPartOf\":{\"@id\":\"https:\/\/dentedentalstudio.com\/tr\/#website\"},\"primaryImageOfPage\":{\"@id\":\"https:\/\/dentedentalstudio.com\/tr\/doktorlarimiz\/omer-m-ciftci\/#primaryimage\"},\"image\":{\"@id\":\"https:\/\/dentedentalstudio.com\/tr\/doktorlarimiz\/omer-m-ciftci\/#primaryimage\"},\"thumbnailUrl\":\"https:\/\/dentedentalstudio.com\/wp-content\/uploads\/2025\/12\/DT.-OMER-CIFTCI-1-576x1024.png\",\"datePublished\":\"2025-12-17T02:57:59+00:00\",\"dateModified\":\"2025-12-17T03:00:11+00:00\",\"breadcrumb\":{\"@id\":\"https:\/\/dentedentalstudio.com\/tr\/doktorlarimiz\/omer-m-ciftci\/#breadcrumb\"},\"inLanguage\":\"tr\",\"potentialAction\":[{\"@type\":\"ReadAction\",\"target\":[\"https:\/\/dentedentalstudio.com\/tr\/doktorlarimiz\/omer-m-ciftci\/\"]}]},{\"@type\":\"ImageObject\",\"inLanguage\":\"tr\",\"@id\":\"https:\/\/dentedentalstudio.com\/tr\/doktorlarimiz\/omer-m-ciftci\/#primaryimage\",\"url\":\"https:\/\/dentedentalstudio.com\/wp-content\/uploads\/2025\/12\/DT.-OMER-CIFTCI-1-576x1024.png\",\"contentUrl\":\"https:\/\/dentedentalstudio.com\/wp-content\/uploads\/2025\/12\/DT.-OMER-CIFTCI-1-576x1024.png\"},{\"@type\":\"BreadcrumbList\",\"@id\":\"https:\/\/dentedentalstudio.com\/tr\/doktorlarimiz\/omer-m-ciftci\/#breadcrumb\",\"itemListElement\":[{\"@type\":\"ListItem\",\"position\":1,\"name\":\"Home\",\"item\":\"https:\/\/dentedentalstudio.com\/tr\/\"},{\"@type\":\"ListItem\",\"position\":2,\"name\":\"Doktorlar\u0131m\u0131z\",\"item\":\"https:\/\/dentedentalstudio.com\/tr\/doktorlarimiz\/\"},{\"@type\":\"ListItem\",\"position\":3,\"name\":\"\u00d6mer M. \u00c7\u0130FT\u00c7\u0130\"}]},{\"@type\":\"WebSite\",\"@id\":\"https:\/\/dentedentalstudio.com\/tr\/#website\",\"url\":\"https:\/\/dentedentalstudio.com\/tr\/\",\"name\":\"Dente Dental Studio\",\"description\":\"\",\"publisher\":{\"@id\":\"https:\/\/dentedentalstudio.com\/tr\/#organization\"},\"potentialAction\":[{\"@type\":\"SearchAction\",\"target\":{\"@type\":\"EntryPoint\",\"urlTemplate\":\"https:\/\/dentedentalstudio.com\/tr\/?s={search_term_string}\"},\"query-input\":{\"@type\":\"PropertyValueSpecification\",\"valueRequired\":true,\"valueName\":\"search_term_string\"}}],\"inLanguage\":\"tr\"},{\"@type\":\"Organization\",\"@id\":\"https:\/\/dentedentalstudio.com\/tr\/#organization\",\"name\":\"Dente Dental Studio\",\"url\":\"https:\/\/dentedentalstudio.com\/tr\/\",\"logo\":{\"@type\":\"ImageObject\",\"inLanguage\":\"tr\",\"@id\":\"https:\/\/dentedentalstudio.com\/tr\/#\/schema\/logo\/image\/\",\"url\":\"https:\/\/dentedentalstudio.com\/wp-content\/uploads\/2022\/07\/Varlik-3.svg\",\"contentUrl\":\"https:\/\/dentedentalstudio.com\/wp-content\/uploads\/2022\/07\/Varlik-3.svg\",\"width\":1,\"height\":1,\"caption\":\"Dente Dental Studio\"},\"image\":{\"@id\":\"https:\/\/dentedentalstudio.com\/tr\/#\/schema\/logo\/image\/\"},\"sameAs\":[\"https:\/\/www.facebook.com\/dentedentalizmir\",\"https:\/\/www.instagram.com\/dentedentalstudio\/\"]}]}<\/script>\n<!-- \/ Yoast SEO Premium plugin. -->","yoast_head_json":{"title":"\u00d6mer M. \u00c7\u0130FT\u00c7\u0130 - Dente Dental Studio","robots":{"index":"index","follow":"follow","max-snippet":"max-snippet:-1","max-image-preview":"max-image-preview:large","max-video-preview":"max-video-preview:-1"},"canonical":"https:\/\/dentedentalstudio.com\/tr\/doktorlarimiz\/omer-m-ciftci\/","og_locale":"tr_TR","og_type":"article","og_title":"Dente Dental Studio - \u00d6mer M. \u00c7\u0130FT\u00c7\u0130","og_description":"Dt. \u00d6mer M. \u00c7\u0130FT\u00c7\u0130 Di\u015f Hekimi Dt. \u00d6mer M. \u00c7\u0130FT\u00c7\u0130, 1994 y\u0131l\u0131nda Gaziantep\u2019te do\u011fmu\u015ftur. Lise e\u011fitimini Ayten Kemal Ak\u0131nal Anadolu Lisesi\u2019nde tamamlam\u0131\u015ft\u0131r. Lise e\u011fitiminin ard\u0131ndan Ege \u00dcniversitesi Di\u015f Hekimli\u011fi Fak\u00fcltesi\u2019nde lisans e\u011fitimini tamamlayarak di\u015f hekimi unvan\u0131n\u0131 alm\u0131\u015ft\u0131r. Mesleki geli\u015fimine \u00f6nem veren Dt. \u00d6mer M. \u00c7ift\u00e7i, di\u015f hekimli\u011fi alan\u0131ndaki g\u00fcncel geli\u015fmeleri yak\u0131ndan takip ederek bilgi ve [&hellip;]","og_url":"https:\/\/dentedentalstudio.com\/tr\/doktorlarimiz\/omer-m-ciftci\/","og_site_name":"Dente Dental Studio","article_publisher":"https:\/\/www.facebook.com\/dentedentalizmir","article_modified_time":"2025-12-17T03:00:11+00:00","og_image":[{"width":1080,"height":1920,"url":"https:\/\/dentedentalstudio.com\/wp-content\/uploads\/2025\/12\/DT.-OMER-CIFTCI-1.png","type":"image\/png"}],"twitter_card":"summary_large_image","twitter_misc":{"Tahmini okuma s\u00fcresi":"1 dakika"},"schema":{"@context":"https:\/\/schema.org","@graph":[{"@type":"WebPage","@id":"https:\/\/dentedentalstudio.com\/tr\/doktorlarimiz\/omer-m-ciftci\/","url":"https:\/\/dentedentalstudio.com\/tr\/doktorlarimiz\/omer-m-ciftci\/","name":"\u00d6mer M. \u00c7\u0130FT\u00c7\u0130 - Dente Dental Studio","isPartOf":{"@id":"https:\/\/dentedentalstudio.com\/tr\/#website"},"primaryImageOfPage":{"@id":"https:\/\/dentedentalstudio.com\/tr\/doktorlarimiz\/omer-m-ciftci\/#primaryimage"},"image":{"@id":"https:\/\/dentedentalstudio.com\/tr\/doktorlarimiz\/omer-m-ciftci\/#primaryimage"},"thumbnailUrl":"https:\/\/dentedentalstudio.com\/wp-content\/uploads\/2025\/12\/DT.-OMER-CIFTCI-1-576x1024.png","datePublished":"2025-12-17T02:57:59+00:00","dateModified":"2025-12-17T03:00:11+00:00","breadcrumb":{"@id":"https:\/\/dentedentalstudio.com\/tr\/doktorlarimiz\/omer-m-ciftci\/#breadcrumb"},"inLanguage":"tr","potentialAction":[{"@type":"ReadAction","target":["https:\/\/dentedentalstudio.com\/tr\/doktorlarimiz\/omer-m-ciftci\/"]}]},{"@type":"ImageObject","inLanguage":"tr","@id":"https:\/\/dentedentalstudio.com\/tr\/doktorlarimiz\/omer-m-ciftci\/#primaryimage","url":"https:\/\/dentedentalstudio.com\/wp-content\/uploads\/2025\/12\/DT.-OMER-CIFTCI-1-576x1024.png","contentUrl":"https:\/\/dentedentalstudio.com\/wp-content\/uploads\/2025\/12\/DT.-OMER-CIFTCI-1-576x1024.png"},{"@type":"BreadcrumbList","@id":"https:\/\/dentedentalstudio.com\/tr\/doktorlarimiz\/omer-m-ciftci\/#breadcrumb","itemListElement":[{"@type":"ListItem","position":1,"name":"Home","item":"https:\/\/dentedentalstudio.com\/tr\/"},{"@type":"ListItem","position":2,"name":"Doktorlar\u0131m\u0131z","item":"https:\/\/dentedentalstudio.com\/tr\/doktorlarimiz\/"},{"@type":"ListItem","position":3,"name":"\u00d6mer M. \u00c7\u0130FT\u00c7\u0130"}]},{"@type":"WebSite","@id":"https:\/\/dentedentalstudio.com\/tr\/#website","url":"https:\/\/dentedentalstudio.com\/tr\/","name":"Dente Dental Studio","description":"","publisher":{"@id":"https:\/\/dentedentalstudio.com\/tr\/#organization"},"potentialAction":[{"@type":"SearchAction","target":{"@type":"EntryPoint","urlTemplate":"https:\/\/dentedentalstudio.com\/tr\/?s={search_term_string}"},"query-input":{"@type":"PropertyValueSpecification","valueRequired":true,"valueName":"search_term_string"}}],"inLanguage":"tr"},{"@type":"Organization","@id":"https:\/\/dentedentalstudio.com\/tr\/#organization","name":"Dente Dental Studio","url":"https:\/\/dentedentalstudio.com\/tr\/","logo":{"@type":"ImageObject","inLanguage":"tr","@id":"https:\/\/dentedentalstudio.com\/tr\/#\/schema\/logo\/image\/","url":"https:\/\/dentedentalstudio.com\/wp-content\/uploads\/2022\/07\/Varlik-3.svg","contentUrl":"https:\/\/dentedentalstudio.com\/wp-content\/uploads\/2022\/07\/Varlik-3.svg","width":1,"height":1,"caption":"Dente Dental Studio"},"image":{"@id":"https:\/\/dentedentalstudio.com\/tr\/#\/schema\/logo\/image\/"},"sameAs":["https:\/\/www.facebook.com\/dentedentalizmir","https:\/\/www.instagram.com\/dentedentalstudio\/"]}]}},"_links":{"self":[{"href":"https:\/\/dentedentalstudio.com\/tr\/wp-json\/wp\/v2\/pages\/12659","targetHints":{"allow":["GET"]}}],"collection":[{"href":"https:\/\/dentedentalstudio.com\/tr\/wp-json\/wp\/v2\/pages"}],"about":[{"href":"https:\/\/dentedentalstudio.com\/tr\/wp-json\/wp\/v2\/types\/page"}],"author":[{"embeddable":true,"href":"https:\/\/dentedentalstudio.com\/tr\/wp-json\/wp\/v2\/users\/2"}],"replies":[{"embeddable":true,"href":"https:\/\/dentedentalstudio.com\/tr\/wp-json\/wp\/v2\/comments?post=12659"}],"version-history":[{"count":4,"href":"https:\/\/dentedentalstudio.com\/tr\/wp-json\/wp\/v2\/pages\/12659\/revisions"}],"predecessor-version":[{"id":12669,"href":"https:\/\/dentedentalstudio.com\/tr\/wp-json\/wp\/v2\/pages\/12659\/revisions\/12669"}],"up":[{"embeddable":true,"href":"https:\/\/dentedentalstudio.com\/tr\/wp-json\/wp\/v2\/pages\/8570"}],"wp:attachment":[{"href":"https:\/\/dentedentalstudio.com\/tr\/wp-json\/wp\/v2\/media?parent=12659"}],"curies":[{"name":"wp","href":"https:\/\/api.w.org\/{rel}","templated":true}]}}