{"id":12658,"date":"2025-12-17T05:57:54","date_gmt":"2025-12-17T02:57:54","guid":{"rendered":"https:\/\/dentedentalstudio.com\/?page_id=12658"},"modified":"2025-12-17T05:59:19","modified_gmt":"2025-12-17T02:59:19","slug":"serdar-demircal","status":"publish","type":"page","link":"https:\/\/dentedentalstudio.com\/tr\/doktorlarimiz\/serdar-demircal\/","title":{"rendered":"Serdar DEM\u0130R\u00c7AL"},"content":{"rendered":"\t\t<div data-elementor-type=\"wp-page\" data-elementor-id=\"12658\" class=\"elementor elementor-12658\">\n\t\t\t\t<div class=\"elementor-element elementor-element-67be794 e-flex e-con-boxed e-con e-parent\" data-id=\"67be794\" data-element_type=\"container\">\n\t\t\t\t\t<div class=\"e-con-inner\">\n\t\t\t\t<div class=\"elementor-element elementor-element-5a11b58 elementor-widget elementor-widget-ld_text_reveal\" data-id=\"5a11b58\" data-element_type=\"widget\" data-widget_type=\"ld_text_reveal.default\">\n\t\t\t\t<div class=\"elementor-widget-container\">\n\t\t\t\t\t<h2 class=\"lqd-text-reveal-el mt-0 mb-0\" data-split-text=\"true\" data-split-options=\"{&quot;type&quot;:&quot;words, chars&quot;}\" data-parallax=\"true\" data-parallax-options=\"{&quot;disableOnMobile&quot;:false,&quot;parallaxTargets&quot;:&quot;.lqd-chars, figure&quot;,&quot;start&quot;:&quot;top 70%&quot;,&quot;end&quot;:&quot;bottom bottom&quot;,&quot;scrub&quot;:3,&quot;skipWillChange&quot;:true}\" data-parallax-from=\"{&quot;opacity&quot;:0.200000000000000011102230246251565404236316680908203125}\" data-parallax-to=\"{&quot;opacity&quot;:1,&quot;stagger&quot;:{&quot;from&quot;:&quot;start&quot;,&quot;each&quot;:1}}\">Dt. Serdar DEM\u0130RCAL<\/h2>\t\t\t\t<\/div>\n\t\t\t\t<\/div>\n\t\t\t\t\t<\/div>\n\t\t\t\t<\/div>\n\t\t<div class=\"elementor-element elementor-element-bb53ce8 e-flex e-con-boxed e-con e-parent\" data-id=\"bb53ce8\" data-element_type=\"container\">\n\t\t\t\t\t<div class=\"e-con-inner\">\n\t\t<div class=\"elementor-element elementor-element-5e9ef08 e-con-full e-flex e-con e-child\" data-id=\"5e9ef08\" data-element_type=\"container\">\n\t\t\t\t<div class=\"elementor-element elementor-element-58d496f elementor-widget elementor-widget-image\" data-id=\"58d496f\" data-element_type=\"widget\" data-widget_type=\"image.default\">\n\t\t\t\t<div class=\"elementor-widget-container\">\n\t\t\t\t\t\t\t\t\t\t\t\t\t\t\t<img decoding=\"async\" width=\"576\" height=\"1024\" src=\"https:\/\/dentedentalstudio.com\/wp-content\/uploads\/2025\/12\/DT.-SERDAR-DEMIRCAL-1-576x1024.png\" class=\"attachment-large size-large wp-image-12630\" alt=\"\" srcset=\"https:\/\/dentedentalstudio.com\/wp-content\/uploads\/2025\/12\/DT.-SERDAR-DEMIRCAL-1-576x1024.png 576w, https:\/\/dentedentalstudio.com\/wp-content\/uploads\/2025\/12\/DT.-SERDAR-DEMIRCAL-1-169x300.png 169w, https:\/\/dentedentalstudio.com\/wp-content\/uploads\/2025\/12\/DT.-SERDAR-DEMIRCAL-1-864x1536.png 864w, https:\/\/dentedentalstudio.com\/wp-content\/uploads\/2025\/12\/DT.-SERDAR-DEMIRCAL-1.png 1080w\" sizes=\"(max-width: 576px) 100vw, 576px\" \/>\t\t\t\t\t\t\t\t\t\t\t\t\t\t\t<\/div>\n\t\t\t\t<\/div>\n\t\t\t\t<\/div>\n\t\t<div class=\"elementor-element elementor-element-466f194 e-con-full e-flex e-con e-child\" data-id=\"466f194\" data-element_type=\"container\">\n\t\t\t\t<div class=\"elementor-element elementor-element-a6c7893 elementor-widget elementor-widget-text-editor\" data-id=\"a6c7893\" data-element_type=\"widget\" data-widget_type=\"text-editor.default\">\n\t\t\t\t<div class=\"elementor-widget-container\">\n\t\t\t\t\t\t\t\t\t<p data-start=\"153\" data-end=\"502\"><strong data-start=\"153\" data-end=\"187\">Di\u015f Hekimi Dr. Serdar DEM\u0130RCAL<\/strong>, 2004 y\u0131l\u0131nda <strong data-start=\"202\" data-end=\"228\">Denizli Anadolu Lisesi<\/strong>\u2019nden mezun olmu\u015ftur. Lise e\u011fitiminin ard\u0131ndan <strong data-start=\"275\" data-end=\"319\">Ege \u00dcniversitesi Di\u015f Hekimli\u011fi Fak\u00fcltesi<\/strong>\u2019ni kazanarak di\u015f hekimli\u011fi e\u011fitimine ba\u015flam\u0131\u015f ve <strong data-start=\"369\" data-end=\"385\">2010 y\u0131l\u0131nda<\/strong> lisans e\u011fitimini ba\u015far\u0131yla tamamlam\u0131\u015ft\u0131r. Mezuniyetinin ard\u0131ndan mesleki kariyerine di\u015f hekimi olarak ad\u0131m atm\u0131\u015ft\u0131r.<\/p><p data-start=\"504\" data-end=\"805\">Meslek hayat\u0131n\u0131n ilk y\u0131llar\u0131nda, <strong data-start=\"537\" data-end=\"581\">Avrupadent A\u011f\u0131z ve Di\u015f Sa\u011fl\u0131\u011f\u0131 Hastanesi<\/strong>\u2019nde <strong data-start=\"586\" data-end=\"595\">3 y\u0131l<\/strong>, ard\u0131ndan <strong data-start=\"606\" data-end=\"650\">Cadde Dental A\u011f\u0131z ve Di\u015f Sa\u011fl\u0131\u011f\u0131 Klini\u011fi<\/strong>\u2019nde <strong data-start=\"655\" data-end=\"664\">7 y\u0131l<\/strong> g\u00f6rev alarak kapsaml\u0131 bir klinik deneyim edinmi\u015ftir. Bu s\u00fcre\u00e7te hem estetik hem de fonksiyonel di\u015f hekimli\u011fi uygulamalar\u0131nda uzmanla\u015fm\u0131\u015ft\u0131r.<\/p><p data-start=\"807\" data-end=\"1040\"><strong data-start=\"807\" data-end=\"823\">2021 y\u0131l\u0131nda<\/strong>, mesleki bilgi birikimini ve klinik tecr\u00fcbesini kendi vizyonu do\u011frultusunda bir araya getirmek amac\u0131yla <strong data-start=\"928\" data-end=\"982\">Dente Dental Studio A\u011f\u0131z ve Di\u015f Sa\u011fl\u0131\u011f\u0131 Klini\u011fi\u2019ni<\/strong> kurmu\u015f ve kurucu ortak olarak hizmet vermeye ba\u015flam\u0131\u015ft\u0131r.<\/p><p data-start=\"1042\" data-end=\"1393\">Dr. Serdar Demircal; <strong data-start=\"1063\" data-end=\"1081\">g\u00fcl\u00fc\u015f tasar\u0131m\u0131<\/strong>, <strong data-start=\"1083\" data-end=\"1108\">estetik di\u015f hekimli\u011fi<\/strong>, <strong data-start=\"1110\" data-end=\"1134\">bonding uygulamalar\u0131<\/strong>, <strong data-start=\"1136\" data-end=\"1158\">kompozit laminalar<\/strong>, <strong data-start=\"1160\" data-end=\"1192\">sabit ve hareketli protezler<\/strong>, <strong data-start=\"1194\" data-end=\"1243\">implant destekli sabit ve hareketli protezler<\/strong>, <strong data-start=\"1245\" data-end=\"1263\">kanal tedavisi<\/strong> ve <strong data-start=\"1267\" data-end=\"1290\">zirkonyum protezler<\/strong> ba\u015fta olmak \u00fczere di\u015f hekimli\u011finin bir\u00e7ok alan\u0131nda hastalar\u0131na kapsaml\u0131 tedavi hizmetleri sunmaktad\u0131r.<\/p>\t\t\t\t\t\t\t\t<\/div>\n\t\t\t\t<\/div>\n\t\t\t\t<\/div>\n\t\t\t\t\t<\/div>\n\t\t\t\t<\/div>\n\t\t\t\t<\/div>\n\t\t","protected":false},"excerpt":{"rendered":"<p>Dt. Serdar DEM\u0130RCAL Di\u015f Hekimi Dr. Serdar DEM\u0130RCAL, 2004 y\u0131l\u0131nda Denizli Anadolu Lisesi\u2019nden mezun olmu\u015ftur. Lise e\u011fitiminin ard\u0131ndan Ege \u00dcniversitesi Di\u015f Hekimli\u011fi Fak\u00fcltesi\u2019ni kazanarak di\u015f hekimli\u011fi e\u011fitimine ba\u015flam\u0131\u015f ve 2010 y\u0131l\u0131nda lisans e\u011fitimini ba\u015far\u0131yla tamamlam\u0131\u015ft\u0131r. Mezuniyetinin ard\u0131ndan mesleki kariyerine di\u015f hekimi olarak ad\u0131m atm\u0131\u015ft\u0131r. Meslek hayat\u0131n\u0131n ilk y\u0131llar\u0131nda, Avrupadent A\u011f\u0131z ve Di\u015f Sa\u011fl\u0131\u011f\u0131 Hastanesi\u2019nde 3 [&hellip;]<\/p>\n","protected":false},"author":2,"featured_media":0,"parent":8570,"menu_order":0,"comment_status":"closed","ping_status":"closed","template":"","meta":{"footnotes":""},"class_list":["post-12658","page","type-page","status-publish","hentry"],"yoast_head":"<!-- This site is optimized with the Yoast SEO Premium plugin v23.5 (Yoast SEO v26.4) - https:\/\/yoast.com\/wordpress\/plugins\/seo\/ -->\n<title>Serdar DEM\u0130R\u00c7AL - Dente Dental Studio<\/title>\n<meta name=\"robots\" content=\"index, follow, max-snippet:-1, max-image-preview:large, max-video-preview:-1\" \/>\n<link rel=\"canonical\" href=\"https:\/\/dentedentalstudio.com\/tr\/doktorlarimiz\/serdar-demircal\/\" \/>\n<meta property=\"og:locale\" content=\"tr_TR\" \/>\n<meta property=\"og:type\" content=\"article\" \/>\n<meta property=\"og:title\" content=\"Dente Dental Studio - Serdar DEM\u0130R\u00c7AL\" \/>\n<meta property=\"og:description\" content=\"Dt. Serdar DEM\u0130RCAL Di\u015f Hekimi Dr. Serdar DEM\u0130RCAL, 2004 y\u0131l\u0131nda Denizli Anadolu Lisesi\u2019nden mezun olmu\u015ftur. Lise e\u011fitiminin ard\u0131ndan Ege \u00dcniversitesi Di\u015f Hekimli\u011fi Fak\u00fcltesi\u2019ni kazanarak di\u015f hekimli\u011fi e\u011fitimine ba\u015flam\u0131\u015f ve 2010 y\u0131l\u0131nda lisans e\u011fitimini ba\u015far\u0131yla tamamlam\u0131\u015ft\u0131r. Mezuniyetinin ard\u0131ndan mesleki kariyerine di\u015f hekimi olarak ad\u0131m atm\u0131\u015ft\u0131r. Meslek hayat\u0131n\u0131n ilk y\u0131llar\u0131nda, Avrupadent A\u011f\u0131z ve Di\u015f Sa\u011fl\u0131\u011f\u0131 Hastanesi\u2019nde 3 [&hellip;]\" \/>\n<meta property=\"og:url\" content=\"https:\/\/dentedentalstudio.com\/tr\/doktorlarimiz\/serdar-demircal\/\" \/>\n<meta property=\"og:site_name\" content=\"Dente Dental Studio\" \/>\n<meta property=\"article:publisher\" content=\"https:\/\/www.facebook.com\/dentedentalizmir\" \/>\n<meta property=\"article:modified_time\" content=\"2025-12-17T02:59:19+00:00\" \/>\n<meta property=\"og:image\" content=\"https:\/\/dentedentalstudio.com\/wp-content\/uploads\/2025\/12\/DT.-SERDAR-DEMIRCAL-1.png\" \/>\n\t<meta property=\"og:image:width\" content=\"1080\" \/>\n\t<meta property=\"og:image:height\" content=\"1920\" \/>\n\t<meta property=\"og:image:type\" content=\"image\/png\" \/>\n<meta name=\"twitter:card\" content=\"summary_large_image\" \/>\n<meta name=\"twitter:label1\" content=\"Tahmini okuma s\u00fcresi\" \/>\n\t<meta name=\"twitter:data1\" content=\"2 dakika\" \/>\n<script type=\"application\/ld+json\" class=\"yoast-schema-graph\">{\"@context\":\"https:\/\/schema.org\",\"@graph\":[{\"@type\":\"WebPage\",\"@id\":\"https:\/\/dentedentalstudio.com\/tr\/doktorlarimiz\/serdar-demircal\/\",\"url\":\"https:\/\/dentedentalstudio.com\/tr\/doktorlarimiz\/serdar-demircal\/\",\"name\":\"Serdar DEM\u0130R\u00c7AL - Dente Dental Studio\",\"isPartOf\":{\"@id\":\"https:\/\/dentedentalstudio.com\/tr\/#website\"},\"primaryImageOfPage\":{\"@id\":\"https:\/\/dentedentalstudio.com\/tr\/doktorlarimiz\/serdar-demircal\/#primaryimage\"},\"image\":{\"@id\":\"https:\/\/dentedentalstudio.com\/tr\/doktorlarimiz\/serdar-demircal\/#primaryimage\"},\"thumbnailUrl\":\"https:\/\/dentedentalstudio.com\/wp-content\/uploads\/2025\/12\/DT.-SERDAR-DEMIRCAL-1-576x1024.png\",\"datePublished\":\"2025-12-17T02:57:54+00:00\",\"dateModified\":\"2025-12-17T02:59:19+00:00\",\"breadcrumb\":{\"@id\":\"https:\/\/dentedentalstudio.com\/tr\/doktorlarimiz\/serdar-demircal\/#breadcrumb\"},\"inLanguage\":\"tr\",\"potentialAction\":[{\"@type\":\"ReadAction\",\"target\":[\"https:\/\/dentedentalstudio.com\/tr\/doktorlarimiz\/serdar-demircal\/\"]}]},{\"@type\":\"ImageObject\",\"inLanguage\":\"tr\",\"@id\":\"https:\/\/dentedentalstudio.com\/tr\/doktorlarimiz\/serdar-demircal\/#primaryimage\",\"url\":\"https:\/\/dentedentalstudio.com\/wp-content\/uploads\/2025\/12\/DT.-SERDAR-DEMIRCAL-1-576x1024.png\",\"contentUrl\":\"https:\/\/dentedentalstudio.com\/wp-content\/uploads\/2025\/12\/DT.-SERDAR-DEMIRCAL-1-576x1024.png\"},{\"@type\":\"BreadcrumbList\",\"@id\":\"https:\/\/dentedentalstudio.com\/tr\/doktorlarimiz\/serdar-demircal\/#breadcrumb\",\"itemListElement\":[{\"@type\":\"ListItem\",\"position\":1,\"name\":\"Home\",\"item\":\"https:\/\/dentedentalstudio.com\/\"},{\"@type\":\"ListItem\",\"position\":2,\"name\":\"Doktorlar\u0131m\u0131z\",\"item\":\"https:\/\/dentedentalstudio.com\/tr\/doktorlarimiz\/\"},{\"@type\":\"ListItem\",\"position\":3,\"name\":\"Serdar DEM\u0130R\u00c7AL\"}]},{\"@type\":\"WebSite\",\"@id\":\"https:\/\/dentedentalstudio.com\/tr\/#website\",\"url\":\"https:\/\/dentedentalstudio.com\/tr\/\",\"name\":\"Dente Dental Studio\",\"description\":\"\",\"publisher\":{\"@id\":\"https:\/\/dentedentalstudio.com\/tr\/#organization\"},\"potentialAction\":[{\"@type\":\"SearchAction\",\"target\":{\"@type\":\"EntryPoint\",\"urlTemplate\":\"https:\/\/dentedentalstudio.com\/tr\/?s={search_term_string}\"},\"query-input\":{\"@type\":\"PropertyValueSpecification\",\"valueRequired\":true,\"valueName\":\"search_term_string\"}}],\"inLanguage\":\"tr\"},{\"@type\":\"Organization\",\"@id\":\"https:\/\/dentedentalstudio.com\/tr\/#organization\",\"name\":\"Dente Dental Studio\",\"url\":\"https:\/\/dentedentalstudio.com\/tr\/\",\"logo\":{\"@type\":\"ImageObject\",\"inLanguage\":\"tr\",\"@id\":\"https:\/\/dentedentalstudio.com\/tr\/#\/schema\/logo\/image\/\",\"url\":\"https:\/\/dentedentalstudio.com\/wp-content\/uploads\/2022\/07\/Varlik-3.svg\",\"contentUrl\":\"https:\/\/dentedentalstudio.com\/wp-content\/uploads\/2022\/07\/Varlik-3.svg\",\"width\":1,\"height\":1,\"caption\":\"Dente Dental Studio\"},\"image\":{\"@id\":\"https:\/\/dentedentalstudio.com\/tr\/#\/schema\/logo\/image\/\"},\"sameAs\":[\"https:\/\/www.facebook.com\/dentedentalizmir\",\"https:\/\/www.instagram.com\/dentedentalstudio\/\"]}]}<\/script>\n<!-- \/ Yoast SEO Premium plugin. -->","yoast_head_json":{"title":"Serdar DEM\u0130R\u00c7AL - Dente Dental Studio","robots":{"index":"index","follow":"follow","max-snippet":"max-snippet:-1","max-image-preview":"max-image-preview:large","max-video-preview":"max-video-preview:-1"},"canonical":"https:\/\/dentedentalstudio.com\/tr\/doktorlarimiz\/serdar-demircal\/","og_locale":"tr_TR","og_type":"article","og_title":"Dente Dental Studio - Serdar DEM\u0130R\u00c7AL","og_description":"Dt. Serdar DEM\u0130RCAL Di\u015f Hekimi Dr. Serdar DEM\u0130RCAL, 2004 y\u0131l\u0131nda Denizli Anadolu Lisesi\u2019nden mezun olmu\u015ftur. Lise e\u011fitiminin ard\u0131ndan Ege \u00dcniversitesi Di\u015f Hekimli\u011fi Fak\u00fcltesi\u2019ni kazanarak di\u015f hekimli\u011fi e\u011fitimine ba\u015flam\u0131\u015f ve 2010 y\u0131l\u0131nda lisans e\u011fitimini ba\u015far\u0131yla tamamlam\u0131\u015ft\u0131r. Mezuniyetinin ard\u0131ndan mesleki kariyerine di\u015f hekimi olarak ad\u0131m atm\u0131\u015ft\u0131r. Meslek hayat\u0131n\u0131n ilk y\u0131llar\u0131nda, Avrupadent A\u011f\u0131z ve Di\u015f Sa\u011fl\u0131\u011f\u0131 Hastanesi\u2019nde 3 [&hellip;]","og_url":"https:\/\/dentedentalstudio.com\/tr\/doktorlarimiz\/serdar-demircal\/","og_site_name":"Dente Dental Studio","article_publisher":"https:\/\/www.facebook.com\/dentedentalizmir","article_modified_time":"2025-12-17T02:59:19+00:00","og_image":[{"width":1080,"height":1920,"url":"https:\/\/dentedentalstudio.com\/wp-content\/uploads\/2025\/12\/DT.-SERDAR-DEMIRCAL-1.png","type":"image\/png"}],"twitter_card":"summary_large_image","twitter_misc":{"Tahmini okuma s\u00fcresi":"2 dakika"},"schema":{"@context":"https:\/\/schema.org","@graph":[{"@type":"WebPage","@id":"https:\/\/dentedentalstudio.com\/tr\/doktorlarimiz\/serdar-demircal\/","url":"https:\/\/dentedentalstudio.com\/tr\/doktorlarimiz\/serdar-demircal\/","name":"Serdar DEM\u0130R\u00c7AL - Dente Dental Studio","isPartOf":{"@id":"https:\/\/dentedentalstudio.com\/tr\/#website"},"primaryImageOfPage":{"@id":"https:\/\/dentedentalstudio.com\/tr\/doktorlarimiz\/serdar-demircal\/#primaryimage"},"image":{"@id":"https:\/\/dentedentalstudio.com\/tr\/doktorlarimiz\/serdar-demircal\/#primaryimage"},"thumbnailUrl":"https:\/\/dentedentalstudio.com\/wp-content\/uploads\/2025\/12\/DT.-SERDAR-DEMIRCAL-1-576x1024.png","datePublished":"2025-12-17T02:57:54+00:00","dateModified":"2025-12-17T02:59:19+00:00","breadcrumb":{"@id":"https:\/\/dentedentalstudio.com\/tr\/doktorlarimiz\/serdar-demircal\/#breadcrumb"},"inLanguage":"tr","potentialAction":[{"@type":"ReadAction","target":["https:\/\/dentedentalstudio.com\/tr\/doktorlarimiz\/serdar-demircal\/"]}]},{"@type":"ImageObject","inLanguage":"tr","@id":"https:\/\/dentedentalstudio.com\/tr\/doktorlarimiz\/serdar-demircal\/#primaryimage","url":"https:\/\/dentedentalstudio.com\/wp-content\/uploads\/2025\/12\/DT.-SERDAR-DEMIRCAL-1-576x1024.png","contentUrl":"https:\/\/dentedentalstudio.com\/wp-content\/uploads\/2025\/12\/DT.-SERDAR-DEMIRCAL-1-576x1024.png"},{"@type":"BreadcrumbList","@id":"https:\/\/dentedentalstudio.com\/tr\/doktorlarimiz\/serdar-demircal\/#breadcrumb","itemListElement":[{"@type":"ListItem","position":1,"name":"Home","item":"https:\/\/dentedentalstudio.com\/"},{"@type":"ListItem","position":2,"name":"Doktorlar\u0131m\u0131z","item":"https:\/\/dentedentalstudio.com\/tr\/doktorlarimiz\/"},{"@type":"ListItem","position":3,"name":"Serdar DEM\u0130R\u00c7AL"}]},{"@type":"WebSite","@id":"https:\/\/dentedentalstudio.com\/tr\/#website","url":"https:\/\/dentedentalstudio.com\/tr\/","name":"Dente Dental Studio","description":"","publisher":{"@id":"https:\/\/dentedentalstudio.com\/tr\/#organization"},"potentialAction":[{"@type":"SearchAction","target":{"@type":"EntryPoint","urlTemplate":"https:\/\/dentedentalstudio.com\/tr\/?s={search_term_string}"},"query-input":{"@type":"PropertyValueSpecification","valueRequired":true,"valueName":"search_term_string"}}],"inLanguage":"tr"},{"@type":"Organization","@id":"https:\/\/dentedentalstudio.com\/tr\/#organization","name":"Dente Dental Studio","url":"https:\/\/dentedentalstudio.com\/tr\/","logo":{"@type":"ImageObject","inLanguage":"tr","@id":"https:\/\/dentedentalstudio.com\/tr\/#\/schema\/logo\/image\/","url":"https:\/\/dentedentalstudio.com\/wp-content\/uploads\/2022\/07\/Varlik-3.svg","contentUrl":"https:\/\/dentedentalstudio.com\/wp-content\/uploads\/2022\/07\/Varlik-3.svg","width":1,"height":1,"caption":"Dente Dental Studio"},"image":{"@id":"https:\/\/dentedentalstudio.com\/tr\/#\/schema\/logo\/image\/"},"sameAs":["https:\/\/www.facebook.com\/dentedentalizmir","https:\/\/www.instagram.com\/dentedentalstudio\/"]}]}},"_links":{"self":[{"href":"https:\/\/dentedentalstudio.com\/tr\/wp-json\/wp\/v2\/pages\/12658","targetHints":{"allow":["GET"]}}],"collection":[{"href":"https:\/\/dentedentalstudio.com\/tr\/wp-json\/wp\/v2\/pages"}],"about":[{"href":"https:\/\/dentedentalstudio.com\/tr\/wp-json\/wp\/v2\/types\/page"}],"author":[{"embeddable":true,"href":"https:\/\/dentedentalstudio.com\/tr\/wp-json\/wp\/v2\/users\/2"}],"replies":[{"embeddable":true,"href":"https:\/\/dentedentalstudio.com\/tr\/wp-json\/wp\/v2\/comments?post=12658"}],"version-history":[{"count":4,"href":"https:\/\/dentedentalstudio.com\/tr\/wp-json\/wp\/v2\/pages\/12658\/revisions"}],"predecessor-version":[{"id":12666,"href":"https:\/\/dentedentalstudio.com\/tr\/wp-json\/wp\/v2\/pages\/12658\/revisions\/12666"}],"up":[{"embeddable":true,"href":"https:\/\/dentedentalstudio.com\/tr\/wp-json\/wp\/v2\/pages\/8570"}],"wp:attachment":[{"href":"https:\/\/dentedentalstudio.com\/tr\/wp-json\/wp\/v2\/media?parent=12658"}],"curies":[{"name":"wp","href":"https:\/\/api.w.org\/{rel}","templated":true}]}}