{"id":12647,"date":"2025-12-17T05:49:43","date_gmt":"2025-12-17T02:49:43","guid":{"rendered":"https:\/\/dentedentalstudio.com\/?page_id=12647"},"modified":"2025-12-17T05:55:42","modified_gmt":"2025-12-17T02:55:42","slug":"nuri-unal","status":"publish","type":"page","link":"https:\/\/dentedentalstudio.com\/tr\/doktorlarimiz\/nuri-unal\/","title":{"rendered":"Nuri \u00dcNAL"},"content":{"rendered":"\t\t<div data-elementor-type=\"wp-page\" data-elementor-id=\"12647\" class=\"elementor elementor-12647\">\n\t\t\t\t<div class=\"elementor-element elementor-element-67be794 e-flex e-con-boxed e-con e-parent\" data-id=\"67be794\" data-element_type=\"container\">\n\t\t\t\t\t<div class=\"e-con-inner\">\n\t\t\t\t<div class=\"elementor-element elementor-element-5a11b58 elementor-widget elementor-widget-ld_text_reveal\" data-id=\"5a11b58\" data-element_type=\"widget\" data-widget_type=\"ld_text_reveal.default\">\n\t\t\t\t<div class=\"elementor-widget-container\">\n\t\t\t\t\t<h2 class=\"lqd-text-reveal-el mt-0 mb-0\" data-split-text=\"true\" data-split-options=\"{&quot;type&quot;:&quot;words, chars&quot;}\" data-parallax=\"true\" data-parallax-options=\"{&quot;disableOnMobile&quot;:false,&quot;parallaxTargets&quot;:&quot;.lqd-chars, figure&quot;,&quot;start&quot;:&quot;top 70%&quot;,&quot;end&quot;:&quot;bottom bottom&quot;,&quot;scrub&quot;:3,&quot;skipWillChange&quot;:true}\" data-parallax-from=\"{&quot;opacity&quot;:0.200000000000000011102230246251565404236316680908203125}\" data-parallax-to=\"{&quot;opacity&quot;:1,&quot;stagger&quot;:{&quot;from&quot;:&quot;start&quot;,&quot;each&quot;:1}}\">Dt. Dr. Nuri \u00dcNAL<\/h2>\t\t\t\t<\/div>\n\t\t\t\t<\/div>\n\t\t\t\t\t<\/div>\n\t\t\t\t<\/div>\n\t\t<div class=\"elementor-element elementor-element-bb53ce8 e-flex e-con-boxed e-con e-parent\" data-id=\"bb53ce8\" data-element_type=\"container\">\n\t\t\t\t\t<div class=\"e-con-inner\">\n\t\t<div class=\"elementor-element elementor-element-5e9ef08 e-con-full e-flex e-con e-child\" data-id=\"5e9ef08\" data-element_type=\"container\">\n\t\t\t\t<div class=\"elementor-element elementor-element-58d496f elementor-widget elementor-widget-image\" data-id=\"58d496f\" data-element_type=\"widget\" data-widget_type=\"image.default\">\n\t\t\t\t<div class=\"elementor-widget-container\">\n\t\t\t\t\t\t\t\t\t\t\t\t\t\t\t<img decoding=\"async\" width=\"576\" height=\"1024\" src=\"https:\/\/dentedentalstudio.com\/wp-content\/uploads\/2025\/12\/DR.-NURI-UNAL-1-576x1024.png\" class=\"attachment-large size-large wp-image-12632\" alt=\"\" srcset=\"https:\/\/dentedentalstudio.com\/wp-content\/uploads\/2025\/12\/DR.-NURI-UNAL-1-576x1024.png 576w, https:\/\/dentedentalstudio.com\/wp-content\/uploads\/2025\/12\/DR.-NURI-UNAL-1-169x300.png 169w, https:\/\/dentedentalstudio.com\/wp-content\/uploads\/2025\/12\/DR.-NURI-UNAL-1-864x1536.png 864w, https:\/\/dentedentalstudio.com\/wp-content\/uploads\/2025\/12\/DR.-NURI-UNAL-1.png 1080w\" sizes=\"(max-width: 576px) 100vw, 576px\" \/>\t\t\t\t\t\t\t\t\t\t\t\t\t\t\t<\/div>\n\t\t\t\t<\/div>\n\t\t\t\t<\/div>\n\t\t<div class=\"elementor-element elementor-element-466f194 e-con-full e-flex e-con e-child\" data-id=\"466f194\" data-element_type=\"container\">\n\t\t\t\t<div class=\"elementor-element elementor-element-a6c7893 elementor-widget elementor-widget-text-editor\" data-id=\"a6c7893\" data-element_type=\"widget\" data-widget_type=\"text-editor.default\">\n\t\t\t\t<div class=\"elementor-widget-container\">\n\t\t\t\t\t\t\t\t\t<p data-start=\"160\" data-end=\"435\">Di\u015f Hekimi <strong data-start=\"171\" data-end=\"188\">Dr. Nuri \u00dcNAL<\/strong>, 1990 y\u0131l\u0131nda Ayd\u0131n\u2019da do\u011fmu\u015ftur. \u0130lk\u00f6\u011fretim ve orta\u00f6\u011fretim e\u011fitimini tamamlad\u0131ktan sonra, di\u015f hekimli\u011fi alan\u0131ndaki akademik yolculu\u011funa <strong data-start=\"326\" data-end=\"374\">Atat\u00fcrk \u00dcniversitesi Di\u015f Hekimli\u011fi Fak\u00fcltesi<\/strong>\u2019nde devam etmi\u015f ve lisans e\u011fitimini ba\u015far\u0131yla tamamlam\u0131\u015ft\u0131r.<\/p><p data-start=\"437\" data-end=\"754\">Mezuniyetinin ard\u0131ndan mesleki uzmanla\u015fma hedefi do\u011frultusunda, <strong data-start=\"501\" data-end=\"588\">\u0130zmir Katip \u00c7elebi \u00dcniversitesi Di\u015f Hekimli\u011fi Fak\u00fcltesi A\u011f\u0131z, Di\u015f ve \u00c7ene Cerrahisi<\/strong> Anabilim Dal\u0131\u2019nda uzmanl\u0131k program\u0131na kabul edilmi\u015ftir. Uzmanl\u0131k e\u011fitimi s\u00fcresince cerrahi di\u015f hekimli\u011fi alan\u0131nda kapsaml\u0131 bir klinik ve akademik deneyim edinmi\u015ftir.<\/p><p data-start=\"756\" data-end=\"1184\">Dr. Nuri \u00dcnal; <strong data-start=\"771\" data-end=\"796\">di\u015f implant cerrahisi<\/strong>, <strong data-start=\"798\" data-end=\"815\">anl\u0131k y\u00fckleme<\/strong>, <strong data-start=\"817\" data-end=\"829\">All-on-4<\/strong> ve <strong data-start=\"833\" data-end=\"845\">All-on-6<\/strong> tedavi y\u00f6ntemleri ile <strong data-start=\"868\" data-end=\"889\">g\u00f6m\u00fcl\u00fc di\u015f \u00e7ekimi<\/strong> konular\u0131nda yo\u011funla\u015fm\u0131\u015f; bu alanlarda uluslararas\u0131 bilimsel kongrelerde \u00e7ok say\u0131da <strong data-start=\"973\" data-end=\"984\">bildiri<\/strong>, <strong data-start=\"986\" data-end=\"995\">sunum<\/strong>, <strong data-start=\"997\" data-end=\"1008\">konu\u015fma<\/strong> ve <strong data-start=\"1012\" data-end=\"1032\">bilimsel \u00e7al\u0131\u015fma<\/strong> ger\u00e7ekle\u015ftirmi\u015ftir. Sahip oldu\u011fu akademik birikim ve klinik tecr\u00fcbe, kendisini a\u011f\u0131z, di\u015f ve \u00e7ene cerrahisi alan\u0131nda g\u00fc\u00e7l\u00fc bir uzman haline getirmi\u015ftir.<\/p><p data-start=\"1186\" data-end=\"1550\">Uzmanl\u0131k e\u011fitimi ve sonras\u0131nda <strong data-start=\"1217\" data-end=\"1226\">\u0130zmir<\/strong>, <strong data-start=\"1228\" data-end=\"1240\">\u0130stanbul<\/strong> ve <strong data-start=\"1244\" data-end=\"1255\">Denizli<\/strong> ba\u015fta olmak \u00fczere farkl\u0131 \u015fehirlerde \u00e7e\u015fitli kliniklerde \u00e7ene cerrahisi hizmeti sunan Dr. \u00dcnal, mesleki prati\u011fini s\u00fcrekli geli\u015ftirmi\u015ftir. Edindi\u011fi bu deneyimlerin ard\u0131ndan, <strong data-start=\"1428\" data-end=\"1458\">Di\u015f Hekimi Serdar Demir\u00e7al<\/strong> ile birlikte <strong data-start=\"1472\" data-end=\"1539\">2021 y\u0131l\u0131nda Dente Dental Studio A\u011f\u0131z ve Di\u015f Sa\u011fl\u0131\u011f\u0131 Klini\u011fi\u2019ni<\/strong> kurmu\u015ftur.<\/p><p data-start=\"1552\" data-end=\"1730\">Dr. Nuri \u00dcnal, g\u00fcn\u00fcm\u00fczde Dente Dental Studio b\u00fcnyesinde; \u00e7a\u011fda\u015f tedavi yakla\u015f\u0131mlar\u0131, g\u00fcncel teknolojiler ve hasta odakl\u0131 hizmet anlay\u0131\u015f\u0131 ile mesleki \u00e7al\u0131\u015fmalar\u0131n\u0131 s\u00fcrd\u00fcrmektedir.<\/p>\t\t\t\t\t\t\t\t<\/div>\n\t\t\t\t<\/div>\n\t\t\t\t<\/div>\n\t\t\t\t\t<\/div>\n\t\t\t\t<\/div>\n\t\t\t\t<\/div>\n\t\t","protected":false},"excerpt":{"rendered":"<p>Dt. Dr. Nuri \u00dcNAL Di\u015f Hekimi Dr. Nuri \u00dcNAL, 1990 y\u0131l\u0131nda Ayd\u0131n\u2019da do\u011fmu\u015ftur. \u0130lk\u00f6\u011fretim ve orta\u00f6\u011fretim e\u011fitimini tamamlad\u0131ktan sonra, di\u015f hekimli\u011fi alan\u0131ndaki akademik yolculu\u011funa Atat\u00fcrk \u00dcniversitesi Di\u015f Hekimli\u011fi Fak\u00fcltesi\u2019nde devam etmi\u015f ve lisans e\u011fitimini ba\u015far\u0131yla tamamlam\u0131\u015ft\u0131r. Mezuniyetinin ard\u0131ndan mesleki uzmanla\u015fma hedefi do\u011frultusunda, \u0130zmir Katip \u00c7elebi \u00dcniversitesi Di\u015f Hekimli\u011fi Fak\u00fcltesi A\u011f\u0131z, Di\u015f ve \u00c7ene Cerrahisi Anabilim [&hellip;]<\/p>\n","protected":false},"author":2,"featured_media":0,"parent":8570,"menu_order":0,"comment_status":"closed","ping_status":"closed","template":"","meta":{"footnotes":""},"class_list":["post-12647","page","type-page","status-publish","hentry"],"yoast_head":"<!-- This site is optimized with the Yoast SEO Premium plugin v23.5 (Yoast SEO v26.4) - https:\/\/yoast.com\/wordpress\/plugins\/seo\/ -->\n<title>Nuri \u00dcNAL - Dente Dental Studio<\/title>\n<meta name=\"robots\" content=\"index, follow, max-snippet:-1, max-image-preview:large, max-video-preview:-1\" \/>\n<link rel=\"canonical\" href=\"https:\/\/dentedentalstudio.com\/tr\/doktorlarimiz\/nuri-unal\/\" \/>\n<meta property=\"og:locale\" content=\"tr_TR\" \/>\n<meta property=\"og:type\" content=\"article\" \/>\n<meta property=\"og:title\" content=\"Dente Dental Studio - Nuri \u00dcNAL\" \/>\n<meta property=\"og:description\" content=\"Dt. Dr. Nuri \u00dcNAL Di\u015f Hekimi Dr. Nuri \u00dcNAL, 1990 y\u0131l\u0131nda Ayd\u0131n\u2019da do\u011fmu\u015ftur. \u0130lk\u00f6\u011fretim ve orta\u00f6\u011fretim e\u011fitimini tamamlad\u0131ktan sonra, di\u015f hekimli\u011fi alan\u0131ndaki akademik yolculu\u011funa Atat\u00fcrk \u00dcniversitesi Di\u015f Hekimli\u011fi Fak\u00fcltesi\u2019nde devam etmi\u015f ve lisans e\u011fitimini ba\u015far\u0131yla tamamlam\u0131\u015ft\u0131r. Mezuniyetinin ard\u0131ndan mesleki uzmanla\u015fma hedefi do\u011frultusunda, \u0130zmir Katip \u00c7elebi \u00dcniversitesi Di\u015f Hekimli\u011fi Fak\u00fcltesi A\u011f\u0131z, Di\u015f ve \u00c7ene Cerrahisi Anabilim [&hellip;]\" \/>\n<meta property=\"og:url\" content=\"https:\/\/dentedentalstudio.com\/tr\/doktorlarimiz\/nuri-unal\/\" \/>\n<meta property=\"og:site_name\" content=\"Dente Dental Studio\" \/>\n<meta property=\"article:publisher\" content=\"https:\/\/www.facebook.com\/dentedentalizmir\" \/>\n<meta property=\"article:modified_time\" content=\"2025-12-17T02:55:42+00:00\" \/>\n<meta property=\"og:image\" content=\"https:\/\/dentedentalstudio.com\/wp-content\/uploads\/2025\/12\/DR.-NURI-UNAL-1.png\" \/>\n\t<meta property=\"og:image:width\" content=\"1080\" \/>\n\t<meta property=\"og:image:height\" content=\"1920\" \/>\n\t<meta property=\"og:image:type\" content=\"image\/png\" \/>\n<meta name=\"twitter:card\" content=\"summary_large_image\" \/>\n<meta name=\"twitter:label1\" content=\"Tahmini okuma s\u00fcresi\" \/>\n\t<meta name=\"twitter:data1\" content=\"2 dakika\" \/>\n<script type=\"application\/ld+json\" class=\"yoast-schema-graph\">{\"@context\":\"https:\/\/schema.org\",\"@graph\":[{\"@type\":\"WebPage\",\"@id\":\"https:\/\/dentedentalstudio.com\/tr\/doktorlarimiz\/nuri-unal\/\",\"url\":\"https:\/\/dentedentalstudio.com\/tr\/doktorlarimiz\/nuri-unal\/\",\"name\":\"Nuri \u00dcNAL - Dente Dental Studio\",\"isPartOf\":{\"@id\":\"https:\/\/dentedentalstudio.com\/tr\/#website\"},\"primaryImageOfPage\":{\"@id\":\"https:\/\/dentedentalstudio.com\/tr\/doktorlarimiz\/nuri-unal\/#primaryimage\"},\"image\":{\"@id\":\"https:\/\/dentedentalstudio.com\/tr\/doktorlarimiz\/nuri-unal\/#primaryimage\"},\"thumbnailUrl\":\"https:\/\/dentedentalstudio.com\/wp-content\/uploads\/2025\/12\/DR.-NURI-UNAL-1-576x1024.png\",\"datePublished\":\"2025-12-17T02:49:43+00:00\",\"dateModified\":\"2025-12-17T02:55:42+00:00\",\"breadcrumb\":{\"@id\":\"https:\/\/dentedentalstudio.com\/tr\/doktorlarimiz\/nuri-unal\/#breadcrumb\"},\"inLanguage\":\"tr\",\"potentialAction\":[{\"@type\":\"ReadAction\",\"target\":[\"https:\/\/dentedentalstudio.com\/tr\/doktorlarimiz\/nuri-unal\/\"]}]},{\"@type\":\"ImageObject\",\"inLanguage\":\"tr\",\"@id\":\"https:\/\/dentedentalstudio.com\/tr\/doktorlarimiz\/nuri-unal\/#primaryimage\",\"url\":\"https:\/\/dentedentalstudio.com\/wp-content\/uploads\/2025\/12\/DR.-NURI-UNAL-1-576x1024.png\",\"contentUrl\":\"https:\/\/dentedentalstudio.com\/wp-content\/uploads\/2025\/12\/DR.-NURI-UNAL-1-576x1024.png\"},{\"@type\":\"BreadcrumbList\",\"@id\":\"https:\/\/dentedentalstudio.com\/tr\/doktorlarimiz\/nuri-unal\/#breadcrumb\",\"itemListElement\":[{\"@type\":\"ListItem\",\"position\":1,\"name\":\"Home\",\"item\":\"https:\/\/dentedentalstudio.com\/\"},{\"@type\":\"ListItem\",\"position\":2,\"name\":\"Doktorlar\u0131m\u0131z\",\"item\":\"https:\/\/dentedentalstudio.com\/tr\/doktorlarimiz\/\"},{\"@type\":\"ListItem\",\"position\":3,\"name\":\"Nuri \u00dcNAL\"}]},{\"@type\":\"WebSite\",\"@id\":\"https:\/\/dentedentalstudio.com\/tr\/#website\",\"url\":\"https:\/\/dentedentalstudio.com\/tr\/\",\"name\":\"Dente Dental Studio\",\"description\":\"\",\"publisher\":{\"@id\":\"https:\/\/dentedentalstudio.com\/tr\/#organization\"},\"potentialAction\":[{\"@type\":\"SearchAction\",\"target\":{\"@type\":\"EntryPoint\",\"urlTemplate\":\"https:\/\/dentedentalstudio.com\/tr\/?s={search_term_string}\"},\"query-input\":{\"@type\":\"PropertyValueSpecification\",\"valueRequired\":true,\"valueName\":\"search_term_string\"}}],\"inLanguage\":\"tr\"},{\"@type\":\"Organization\",\"@id\":\"https:\/\/dentedentalstudio.com\/tr\/#organization\",\"name\":\"Dente Dental Studio\",\"url\":\"https:\/\/dentedentalstudio.com\/tr\/\",\"logo\":{\"@type\":\"ImageObject\",\"inLanguage\":\"tr\",\"@id\":\"https:\/\/dentedentalstudio.com\/tr\/#\/schema\/logo\/image\/\",\"url\":\"https:\/\/dentedentalstudio.com\/wp-content\/uploads\/2022\/07\/Varlik-3.svg\",\"contentUrl\":\"https:\/\/dentedentalstudio.com\/wp-content\/uploads\/2022\/07\/Varlik-3.svg\",\"width\":1,\"height\":1,\"caption\":\"Dente Dental Studio\"},\"image\":{\"@id\":\"https:\/\/dentedentalstudio.com\/tr\/#\/schema\/logo\/image\/\"},\"sameAs\":[\"https:\/\/www.facebook.com\/dentedentalizmir\",\"https:\/\/www.instagram.com\/dentedentalstudio\/\"]}]}<\/script>\n<!-- \/ Yoast SEO Premium plugin. -->","yoast_head_json":{"title":"Nuri \u00dcNAL - Dente Dental Studio","robots":{"index":"index","follow":"follow","max-snippet":"max-snippet:-1","max-image-preview":"max-image-preview:large","max-video-preview":"max-video-preview:-1"},"canonical":"https:\/\/dentedentalstudio.com\/tr\/doktorlarimiz\/nuri-unal\/","og_locale":"tr_TR","og_type":"article","og_title":"Dente Dental Studio - Nuri \u00dcNAL","og_description":"Dt. Dr. Nuri \u00dcNAL Di\u015f Hekimi Dr. Nuri \u00dcNAL, 1990 y\u0131l\u0131nda Ayd\u0131n\u2019da do\u011fmu\u015ftur. \u0130lk\u00f6\u011fretim ve orta\u00f6\u011fretim e\u011fitimini tamamlad\u0131ktan sonra, di\u015f hekimli\u011fi alan\u0131ndaki akademik yolculu\u011funa Atat\u00fcrk \u00dcniversitesi Di\u015f Hekimli\u011fi Fak\u00fcltesi\u2019nde devam etmi\u015f ve lisans e\u011fitimini ba\u015far\u0131yla tamamlam\u0131\u015ft\u0131r. Mezuniyetinin ard\u0131ndan mesleki uzmanla\u015fma hedefi do\u011frultusunda, \u0130zmir Katip \u00c7elebi \u00dcniversitesi Di\u015f Hekimli\u011fi Fak\u00fcltesi A\u011f\u0131z, Di\u015f ve \u00c7ene Cerrahisi Anabilim [&hellip;]","og_url":"https:\/\/dentedentalstudio.com\/tr\/doktorlarimiz\/nuri-unal\/","og_site_name":"Dente Dental Studio","article_publisher":"https:\/\/www.facebook.com\/dentedentalizmir","article_modified_time":"2025-12-17T02:55:42+00:00","og_image":[{"width":1080,"height":1920,"url":"https:\/\/dentedentalstudio.com\/wp-content\/uploads\/2025\/12\/DR.-NURI-UNAL-1.png","type":"image\/png"}],"twitter_card":"summary_large_image","twitter_misc":{"Tahmini okuma s\u00fcresi":"2 dakika"},"schema":{"@context":"https:\/\/schema.org","@graph":[{"@type":"WebPage","@id":"https:\/\/dentedentalstudio.com\/tr\/doktorlarimiz\/nuri-unal\/","url":"https:\/\/dentedentalstudio.com\/tr\/doktorlarimiz\/nuri-unal\/","name":"Nuri \u00dcNAL - Dente Dental Studio","isPartOf":{"@id":"https:\/\/dentedentalstudio.com\/tr\/#website"},"primaryImageOfPage":{"@id":"https:\/\/dentedentalstudio.com\/tr\/doktorlarimiz\/nuri-unal\/#primaryimage"},"image":{"@id":"https:\/\/dentedentalstudio.com\/tr\/doktorlarimiz\/nuri-unal\/#primaryimage"},"thumbnailUrl":"https:\/\/dentedentalstudio.com\/wp-content\/uploads\/2025\/12\/DR.-NURI-UNAL-1-576x1024.png","datePublished":"2025-12-17T02:49:43+00:00","dateModified":"2025-12-17T02:55:42+00:00","breadcrumb":{"@id":"https:\/\/dentedentalstudio.com\/tr\/doktorlarimiz\/nuri-unal\/#breadcrumb"},"inLanguage":"tr","potentialAction":[{"@type":"ReadAction","target":["https:\/\/dentedentalstudio.com\/tr\/doktorlarimiz\/nuri-unal\/"]}]},{"@type":"ImageObject","inLanguage":"tr","@id":"https:\/\/dentedentalstudio.com\/tr\/doktorlarimiz\/nuri-unal\/#primaryimage","url":"https:\/\/dentedentalstudio.com\/wp-content\/uploads\/2025\/12\/DR.-NURI-UNAL-1-576x1024.png","contentUrl":"https:\/\/dentedentalstudio.com\/wp-content\/uploads\/2025\/12\/DR.-NURI-UNAL-1-576x1024.png"},{"@type":"BreadcrumbList","@id":"https:\/\/dentedentalstudio.com\/tr\/doktorlarimiz\/nuri-unal\/#breadcrumb","itemListElement":[{"@type":"ListItem","position":1,"name":"Home","item":"https:\/\/dentedentalstudio.com\/"},{"@type":"ListItem","position":2,"name":"Doktorlar\u0131m\u0131z","item":"https:\/\/dentedentalstudio.com\/tr\/doktorlarimiz\/"},{"@type":"ListItem","position":3,"name":"Nuri \u00dcNAL"}]},{"@type":"WebSite","@id":"https:\/\/dentedentalstudio.com\/tr\/#website","url":"https:\/\/dentedentalstudio.com\/tr\/","name":"Dente Dental Studio","description":"","publisher":{"@id":"https:\/\/dentedentalstudio.com\/tr\/#organization"},"potentialAction":[{"@type":"SearchAction","target":{"@type":"EntryPoint","urlTemplate":"https:\/\/dentedentalstudio.com\/tr\/?s={search_term_string}"},"query-input":{"@type":"PropertyValueSpecification","valueRequired":true,"valueName":"search_term_string"}}],"inLanguage":"tr"},{"@type":"Organization","@id":"https:\/\/dentedentalstudio.com\/tr\/#organization","name":"Dente Dental Studio","url":"https:\/\/dentedentalstudio.com\/tr\/","logo":{"@type":"ImageObject","inLanguage":"tr","@id":"https:\/\/dentedentalstudio.com\/tr\/#\/schema\/logo\/image\/","url":"https:\/\/dentedentalstudio.com\/wp-content\/uploads\/2022\/07\/Varlik-3.svg","contentUrl":"https:\/\/dentedentalstudio.com\/wp-content\/uploads\/2022\/07\/Varlik-3.svg","width":1,"height":1,"caption":"Dente Dental Studio"},"image":{"@id":"https:\/\/dentedentalstudio.com\/tr\/#\/schema\/logo\/image\/"},"sameAs":["https:\/\/www.facebook.com\/dentedentalizmir","https:\/\/www.instagram.com\/dentedentalstudio\/"]}]}},"_links":{"self":[{"href":"https:\/\/dentedentalstudio.com\/tr\/wp-json\/wp\/v2\/pages\/12647","targetHints":{"allow":["GET"]}}],"collection":[{"href":"https:\/\/dentedentalstudio.com\/tr\/wp-json\/wp\/v2\/pages"}],"about":[{"href":"https:\/\/dentedentalstudio.com\/tr\/wp-json\/wp\/v2\/types\/page"}],"author":[{"embeddable":true,"href":"https:\/\/dentedentalstudio.com\/tr\/wp-json\/wp\/v2\/users\/2"}],"replies":[{"embeddable":true,"href":"https:\/\/dentedentalstudio.com\/tr\/wp-json\/wp\/v2\/comments?post=12647"}],"version-history":[{"count":7,"href":"https:\/\/dentedentalstudio.com\/tr\/wp-json\/wp\/v2\/pages\/12647\/revisions"}],"predecessor-version":[{"id":12657,"href":"https:\/\/dentedentalstudio.com\/tr\/wp-json\/wp\/v2\/pages\/12647\/revisions\/12657"}],"up":[{"embeddable":true,"href":"https:\/\/dentedentalstudio.com\/tr\/wp-json\/wp\/v2\/pages\/8570"}],"wp:attachment":[{"href":"https:\/\/dentedentalstudio.com\/tr\/wp-json\/wp\/v2\/media?parent=12647"}],"curies":[{"name":"wp","href":"https:\/\/api.w.org\/{rel}","templated":true}]}}